{"id":927,"date":"2024-08-09T20:21:17","date_gmt":"2024-08-10T01:21:17","guid":{"rendered":"https:\/\/boutiquefloralec.com\/?post_type=product&#038;p=927"},"modified":"2024-08-09T20:21:20","modified_gmt":"2024-08-10T01:21:20","slug":"collar-pandora-formas-geometricas","status":"publish","type":"product","link":"https:\/\/boutiquefloralec.com\/index.php\/producto\/collar-pandora-formas-geometricas\/","title":{"rendered":"Collar Pandora &#8211; Formas Geom\u00e9tricas"},"content":{"rendered":"<p class=\"\"><strong>Compatible: Cadena o Collar<\/strong><\/p>\n<p><strong>Talla:<\/strong>En caso de requerir una talla diferente a las disponibles, su compra se realizar\u00e1 bajo pedido. El tiempo de entrega estar\u00e1 sujeto a un m\u00e1ximo de 25 d\u00edas a partir de la fecha de compra. Si necesita ayuda, no dude en contactarnos\u00a0 por medio de nuestro WhatsApp al 0980924052.<\/p>\n<p class=\"\"><strong>Tiempo de Entrega :<\/strong> 24 H00 -48 H00 varia seg\u00fan Ciudades .<\/p>\n<p class=\"\"><strong>Env\u00edos a Domicilio<\/strong>\u00a0<strong>:\u00a0<\/strong>Los costos por env\u00edos a Domicilio ya se incluyen si realizas el pago con tarjeta de cr\u00e9dito.<\/p>\n<p class=\"\">En el caso de pagos con transferencia bancaria , se adiciona al precio el costo de envi\u00f3.<\/p>\n<p class=\"\">Dentro de la ciudad $1,50-$ 2,00 y en env\u00edos Nacionales $6,00 por paquete.<\/p>\n","protected":false},"excerpt":{"rendered":"<p>Este collar moderno y elegante presenta un dise\u00f1o de formas geom\u00e9tricas en plata de ley, ideal para quienes aprecian un estilo contempor\u00e1neo y minimalista. Las l\u00edneas limpias y las formas bien definidas hacen que esta pieza sea perfecta para a\u00f1adir un toque de sofisticaci\u00f3n a cualquier conjunto. Es una elecci\u00f3n vers\u00e1til que se puede llevar sola o combinar con otras piezas para crear un look \u00fanico y moderno.<\/p>\n","protected":false},"featured_media":928,"template":"","meta":[],"product_brand":[],"product_cat":[34],"product_tag":[],"class_list":{"0":"post-927","1":"product","2":"type-product","3":"status-publish","4":"has-post-thumbnail","6":"product_cat-cadenas","8":"first","9":"instock","10":"taxable","11":"shipping-taxable","12":"purchasable","13":"product-type-simple"},"yoast_head":"<!-- This site is optimized with the Yoast SEO plugin v27.3 - https:\/\/yoast.com\/product\/yoast-seo-wordpress\/ -->\n<title>Collar Pandora - Formas Geom\u00e9tricas - Boutique Floral<\/title>\n<meta name=\"robots\" content=\"index, follow, max-snippet:-1, max-image-preview:large, max-video-preview:-1\" \/>\n<link rel=\"canonical\" href=\"https:\/\/boutiquefloralec.com\/index.php\/producto\/collar-pandora-formas-geometricas\/\" \/>\n<meta property=\"og:locale\" content=\"es_ES\" \/>\n<meta property=\"og:type\" content=\"article\" \/>\n<meta property=\"og:title\" content=\"Collar Pandora - Formas Geom\u00e9tricas - Boutique Floral\" \/>\n<meta property=\"og:description\" content=\"Este collar moderno y elegante presenta un dise\u00f1o de formas geom\u00e9tricas en plata de ley, ideal para quienes aprecian un estilo contempor\u00e1neo y minimalista. Las l\u00edneas limpias y las formas bien definidas hacen que esta pieza sea perfecta para a\u00f1adir un toque de sofisticaci\u00f3n a cualquier conjunto. Es una elecci\u00f3n vers\u00e1til que se puede llevar sola o combinar con otras piezas para crear un look \u00fanico y moderno.\" \/>\n<meta property=\"og:url\" content=\"https:\/\/boutiquefloralec.com\/index.php\/producto\/collar-pandora-formas-geometricas\/\" \/>\n<meta property=\"og:site_name\" content=\"Boutique Floral\" \/>\n<meta property=\"article:publisher\" content=\"https:\/\/www.facebook.com\/boutiquefloralec\/\" \/>\n<meta property=\"article:modified_time\" content=\"2024-08-10T01:21:20+00:00\" \/>\n<meta property=\"og:image\" content=\"https:\/\/boutiquefloralec.com\/wp-content\/uploads\/2024\/08\/05-45-111-pandora-geometric-shapes-necklace-398495c01-45_1.jpg\" \/>\n\t<meta property=\"og:image:width\" content=\"1000\" \/>\n\t<meta property=\"og:image:height\" content=\"1000\" \/>\n\t<meta property=\"og:image:type\" content=\"image\/jpeg\" \/>\n<meta name=\"twitter:card\" content=\"summary_large_image\" \/>\n<meta name=\"twitter:label1\" content=\"Tiempo de lectura\" \/>\n\t<meta name=\"twitter:data1\" content=\"1 minuto\" \/>\n<script type=\"application\/ld+json\" class=\"yoast-schema-graph\">{\"@context\":\"https:\\\/\\\/schema.org\",\"@graph\":[{\"@type\":\"WebPage\",\"@id\":\"https:\\\/\\\/boutiquefloralec.com\\\/index.php\\\/producto\\\/collar-pandora-formas-geometricas\\\/\",\"url\":\"https:\\\/\\\/boutiquefloralec.com\\\/index.php\\\/producto\\\/collar-pandora-formas-geometricas\\\/\",\"name\":\"Collar Pandora - Formas Geom\u00e9tricas - Boutique Floral\",\"isPartOf\":{\"@id\":\"https:\\\/\\\/boutiquefloralec.com\\\/#website\"},\"primaryImageOfPage\":{\"@id\":\"https:\\\/\\\/boutiquefloralec.com\\\/index.php\\\/producto\\\/collar-pandora-formas-geometricas\\\/#primaryimage\"},\"image\":{\"@id\":\"https:\\\/\\\/boutiquefloralec.com\\\/index.php\\\/producto\\\/collar-pandora-formas-geometricas\\\/#primaryimage\"},\"thumbnailUrl\":\"https:\\\/\\\/boutiquefloralec.com\\\/wp-content\\\/uploads\\\/2024\\\/08\\\/05-45-111-pandora-geometric-shapes-necklace-398495c01-45_1.jpg\",\"datePublished\":\"2024-08-10T01:21:17+00:00\",\"dateModified\":\"2024-08-10T01:21:20+00:00\",\"breadcrumb\":{\"@id\":\"https:\\\/\\\/boutiquefloralec.com\\\/index.php\\\/producto\\\/collar-pandora-formas-geometricas\\\/#breadcrumb\"},\"inLanguage\":\"es\",\"potentialAction\":[{\"@type\":\"ReadAction\",\"target\":[\"https:\\\/\\\/boutiquefloralec.com\\\/index.php\\\/producto\\\/collar-pandora-formas-geometricas\\\/\"]}]},{\"@type\":\"ImageObject\",\"inLanguage\":\"es\",\"@id\":\"https:\\\/\\\/boutiquefloralec.com\\\/index.php\\\/producto\\\/collar-pandora-formas-geometricas\\\/#primaryimage\",\"url\":\"https:\\\/\\\/boutiquefloralec.com\\\/wp-content\\\/uploads\\\/2024\\\/08\\\/05-45-111-pandora-geometric-shapes-necklace-398495c01-45_1.jpg\",\"contentUrl\":\"https:\\\/\\\/boutiquefloralec.com\\\/wp-content\\\/uploads\\\/2024\\\/08\\\/05-45-111-pandora-geometric-shapes-necklace-398495c01-45_1.jpg\",\"width\":1000,\"height\":1000},{\"@type\":\"BreadcrumbList\",\"@id\":\"https:\\\/\\\/boutiquefloralec.com\\\/index.php\\\/producto\\\/collar-pandora-formas-geometricas\\\/#breadcrumb\",\"itemListElement\":[{\"@type\":\"ListItem\",\"position\":1,\"name\":\"Portada\",\"item\":\"https:\\\/\\\/boutiquefloralec.com\\\/\"},{\"@type\":\"ListItem\",\"position\":2,\"name\":\"Productos\",\"item\":\"https:\\\/\\\/boutiquefloralec.com\\\/index.php\\\/shop\\\/\"},{\"@type\":\"ListItem\",\"position\":3,\"name\":\"Collar Pandora &#8211; Formas Geom\u00e9tricas\"}]},{\"@type\":\"WebSite\",\"@id\":\"https:\\\/\\\/boutiquefloralec.com\\\/#website\",\"url\":\"https:\\\/\\\/boutiquefloralec.com\\\/\",\"name\":\"Boutique Floral\",\"description\":\"Tienda de Regalos y Joyeria\",\"publisher\":{\"@id\":\"https:\\\/\\\/boutiquefloralec.com\\\/#organization\"},\"potentialAction\":[{\"@type\":\"SearchAction\",\"target\":{\"@type\":\"EntryPoint\",\"urlTemplate\":\"https:\\\/\\\/boutiquefloralec.com\\\/?s={search_term_string}\"},\"query-input\":{\"@type\":\"PropertyValueSpecification\",\"valueRequired\":true,\"valueName\":\"search_term_string\"}}],\"inLanguage\":\"es\"},{\"@type\":\"Organization\",\"@id\":\"https:\\\/\\\/boutiquefloralec.com\\\/#organization\",\"name\":\"Boutique Floral\",\"url\":\"https:\\\/\\\/boutiquefloralec.com\\\/\",\"logo\":{\"@type\":\"ImageObject\",\"inLanguage\":\"es\",\"@id\":\"https:\\\/\\\/boutiquefloralec.com\\\/#\\\/schema\\\/logo\\\/image\\\/\",\"url\":\"http:\\\/\\\/boutiquefloralec.com\\\/wp-content\\\/uploads\\\/2024\\\/10\\\/1.png\",\"contentUrl\":\"http:\\\/\\\/boutiquefloralec.com\\\/wp-content\\\/uploads\\\/2024\\\/10\\\/1.png\",\"width\":2500,\"height\":1800,\"caption\":\"Boutique Floral\"},\"image\":{\"@id\":\"https:\\\/\\\/boutiquefloralec.com\\\/#\\\/schema\\\/logo\\\/image\\\/\"},\"sameAs\":[\"https:\\\/\\\/www.facebook.com\\\/boutiquefloralec\\\/\",\"https:\\\/\\\/www.instagram.com\\\/boutiquefloral.ecu\"]}]}<\/script>\n<!-- \/ Yoast SEO plugin. -->","yoast_head_json":{"title":"Collar Pandora - Formas Geom\u00e9tricas - Boutique Floral","robots":{"index":"index","follow":"follow","max-snippet":"max-snippet:-1","max-image-preview":"max-image-preview:large","max-video-preview":"max-video-preview:-1"},"canonical":"https:\/\/boutiquefloralec.com\/index.php\/producto\/collar-pandora-formas-geometricas\/","og_locale":"es_ES","og_type":"article","og_title":"Collar Pandora - Formas Geom\u00e9tricas - Boutique Floral","og_description":"Este collar moderno y elegante presenta un dise\u00f1o de formas geom\u00e9tricas en plata de ley, ideal para quienes aprecian un estilo contempor\u00e1neo y minimalista. Las l\u00edneas limpias y las formas bien definidas hacen que esta pieza sea perfecta para a\u00f1adir un toque de sofisticaci\u00f3n a cualquier conjunto. Es una elecci\u00f3n vers\u00e1til que se puede llevar sola o combinar con otras piezas para crear un look \u00fanico y moderno.","og_url":"https:\/\/boutiquefloralec.com\/index.php\/producto\/collar-pandora-formas-geometricas\/","og_site_name":"Boutique Floral","article_publisher":"https:\/\/www.facebook.com\/boutiquefloralec\/","article_modified_time":"2024-08-10T01:21:20+00:00","og_image":[{"width":1000,"height":1000,"url":"https:\/\/boutiquefloralec.com\/wp-content\/uploads\/2024\/08\/05-45-111-pandora-geometric-shapes-necklace-398495c01-45_1.jpg","type":"image\/jpeg"}],"twitter_card":"summary_large_image","twitter_misc":{"Tiempo de lectura":"1 minuto"},"schema":{"@context":"https:\/\/schema.org","@graph":[{"@type":"WebPage","@id":"https:\/\/boutiquefloralec.com\/index.php\/producto\/collar-pandora-formas-geometricas\/","url":"https:\/\/boutiquefloralec.com\/index.php\/producto\/collar-pandora-formas-geometricas\/","name":"Collar Pandora - Formas Geom\u00e9tricas - Boutique Floral","isPartOf":{"@id":"https:\/\/boutiquefloralec.com\/#website"},"primaryImageOfPage":{"@id":"https:\/\/boutiquefloralec.com\/index.php\/producto\/collar-pandora-formas-geometricas\/#primaryimage"},"image":{"@id":"https:\/\/boutiquefloralec.com\/index.php\/producto\/collar-pandora-formas-geometricas\/#primaryimage"},"thumbnailUrl":"https:\/\/boutiquefloralec.com\/wp-content\/uploads\/2024\/08\/05-45-111-pandora-geometric-shapes-necklace-398495c01-45_1.jpg","datePublished":"2024-08-10T01:21:17+00:00","dateModified":"2024-08-10T01:21:20+00:00","breadcrumb":{"@id":"https:\/\/boutiquefloralec.com\/index.php\/producto\/collar-pandora-formas-geometricas\/#breadcrumb"},"inLanguage":"es","potentialAction":[{"@type":"ReadAction","target":["https:\/\/boutiquefloralec.com\/index.php\/producto\/collar-pandora-formas-geometricas\/"]}]},{"@type":"ImageObject","inLanguage":"es","@id":"https:\/\/boutiquefloralec.com\/index.php\/producto\/collar-pandora-formas-geometricas\/#primaryimage","url":"https:\/\/boutiquefloralec.com\/wp-content\/uploads\/2024\/08\/05-45-111-pandora-geometric-shapes-necklace-398495c01-45_1.jpg","contentUrl":"https:\/\/boutiquefloralec.com\/wp-content\/uploads\/2024\/08\/05-45-111-pandora-geometric-shapes-necklace-398495c01-45_1.jpg","width":1000,"height":1000},{"@type":"BreadcrumbList","@id":"https:\/\/boutiquefloralec.com\/index.php\/producto\/collar-pandora-formas-geometricas\/#breadcrumb","itemListElement":[{"@type":"ListItem","position":1,"name":"Portada","item":"https:\/\/boutiquefloralec.com\/"},{"@type":"ListItem","position":2,"name":"Productos","item":"https:\/\/boutiquefloralec.com\/index.php\/shop\/"},{"@type":"ListItem","position":3,"name":"Collar Pandora &#8211; Formas Geom\u00e9tricas"}]},{"@type":"WebSite","@id":"https:\/\/boutiquefloralec.com\/#website","url":"https:\/\/boutiquefloralec.com\/","name":"Boutique Floral","description":"Tienda de Regalos y Joyeria","publisher":{"@id":"https:\/\/boutiquefloralec.com\/#organization"},"potentialAction":[{"@type":"SearchAction","target":{"@type":"EntryPoint","urlTemplate":"https:\/\/boutiquefloralec.com\/?s={search_term_string}"},"query-input":{"@type":"PropertyValueSpecification","valueRequired":true,"valueName":"search_term_string"}}],"inLanguage":"es"},{"@type":"Organization","@id":"https:\/\/boutiquefloralec.com\/#organization","name":"Boutique Floral","url":"https:\/\/boutiquefloralec.com\/","logo":{"@type":"ImageObject","inLanguage":"es","@id":"https:\/\/boutiquefloralec.com\/#\/schema\/logo\/image\/","url":"http:\/\/boutiquefloralec.com\/wp-content\/uploads\/2024\/10\/1.png","contentUrl":"http:\/\/boutiquefloralec.com\/wp-content\/uploads\/2024\/10\/1.png","width":2500,"height":1800,"caption":"Boutique Floral"},"image":{"@id":"https:\/\/boutiquefloralec.com\/#\/schema\/logo\/image\/"},"sameAs":["https:\/\/www.facebook.com\/boutiquefloralec\/","https:\/\/www.instagram.com\/boutiquefloral.ecu"]}]}},"jetpack_sharing_enabled":true,"_links":{"self":[{"href":"https:\/\/boutiquefloralec.com\/index.php\/wp-json\/wp\/v2\/product\/927","targetHints":{"allow":["GET"]}}],"collection":[{"href":"https:\/\/boutiquefloralec.com\/index.php\/wp-json\/wp\/v2\/product"}],"about":[{"href":"https:\/\/boutiquefloralec.com\/index.php\/wp-json\/wp\/v2\/types\/product"}],"wp:featuredmedia":[{"embeddable":true,"href":"https:\/\/boutiquefloralec.com\/index.php\/wp-json\/wp\/v2\/media\/928"}],"wp:attachment":[{"href":"https:\/\/boutiquefloralec.com\/index.php\/wp-json\/wp\/v2\/media?parent=927"}],"wp:term":[{"taxonomy":"product_brand","embeddable":true,"href":"https:\/\/boutiquefloralec.com\/index.php\/wp-json\/wp\/v2\/product_brand?post=927"},{"taxonomy":"product_cat","embeddable":true,"href":"https:\/\/boutiquefloralec.com\/index.php\/wp-json\/wp\/v2\/product_cat?post=927"},{"taxonomy":"product_tag","embeddable":true,"href":"https:\/\/boutiquefloralec.com\/index.php\/wp-json\/wp\/v2\/product_tag?post=927"}],"curies":[{"name":"wp","href":"https:\/\/api.w.org\/{rel}","templated":true}]}}