{"id":745,"date":"2024-04-24T00:28:34","date_gmt":"2024-04-24T05:28:34","guid":{"rendered":"https:\/\/boutiquefloralec.com\/?post_type=product&#038;p=745"},"modified":"2025-09-14T14:51:23","modified_gmt":"2025-09-14T19:51:23","slug":"brazalete-suenos","status":"publish","type":"product","link":"https:\/\/boutiquefloralec.com\/index.php\/producto\/brazalete-suenos\/","title":{"rendered":"Brazalete Sue\u00f1os"},"content":{"rendered":"<p class=\"\"><strong>Compatible: <\/strong>Brazalete Moments .<\/p>\n<p><strong>Talla:<\/strong>En caso de requerir una talla diferente a las disponibles, su compra se realizar\u00e1 bajo pedido. El tiempo de entrega estar\u00e1 sujeto a un m\u00e1ximo de 25 d\u00edas a partir de la fecha de compra. Si necesita ayuda, no dude en contactarnos\u00a0 por medio de nuestro WhatsApp al 0980924052.<\/p>\n<p class=\"\"><strong>Tiempo de Entrega :<\/strong> 24 H00 -48 H00 varia seg\u00fan Ciudades .<\/p>\n<p class=\"\"><strong>Env\u00edos a Domicilio<\/strong>\u00a0<strong>:\u00a0<\/strong>Los costos por env\u00edos a Domicilio ya se incluyen si realizas el pago con tarjeta de cr\u00e9dito.<\/p>\n<p class=\"\">En el caso de pagos con transferencia bancaria , se adiciona al precio el costo de envi\u00f3.<\/p>\n<p class=\"\">Dentro de la ciudad $1,50-$ 2,00 y en env\u00edos Nacionales $6,00 por paquete.<\/p>\n<p>&nbsp;<\/p>\n","protected":false},"excerpt":{"rendered":"<p>D\u00e9jate inspirar por nuestro mundo m\u00e1gico y so\u00f1ador, basado en el misterio del cielo nocturno y el brillo de la luz de las estrellas. Nuestra pulsera de estrellas presenta una colecci\u00f3n de formas irregulares de estrellas en plata de ley, adornadas con piedras de circonita c\u00fabica redondas, unidas por barras de pav\u00e9 para evocar una vida m\u00e1s all\u00e1 de tus sue\u00f1os m\u00e1s salvajes, con cada estrella simbolizando un hito pasado o un logro futuro. Deja que esta pulsera en plata de ley te recuerde todos los momentos de orgullo que te definen.<\/p>\n<p><strong>Si solicita otra talla especificar en detalles del envi\u00f3 y contactarse de nosotros para un proceso mas r\u00e1pido de tu compra<\/strong><\/p>\n","protected":false},"featured_media":746,"template":"","meta":[],"product_brand":[],"product_cat":[27,15],"product_tag":[],"class_list":{"0":"post-745","1":"product","2":"type-product","3":"status-publish","4":"has-post-thumbnail","6":"product_cat-brazaletes","7":"product_cat-sin-categorizar","9":"first","10":"instock","11":"taxable","12":"shipping-taxable","13":"purchasable","14":"product-type-variable","15":"has-default-attributes"},"yoast_head":"<!-- This site is optimized with the Yoast SEO plugin v27.3 - https:\/\/yoast.com\/product\/yoast-seo-wordpress\/ -->\n<title>Brazalete Sue\u00f1os - Boutique Floral<\/title>\n<meta name=\"robots\" content=\"index, follow, max-snippet:-1, max-image-preview:large, max-video-preview:-1\" \/>\n<link rel=\"canonical\" href=\"https:\/\/boutiquefloralec.com\/index.php\/producto\/brazalete-suenos\/\" \/>\n<meta property=\"og:locale\" content=\"es_ES\" \/>\n<meta property=\"og:type\" content=\"article\" \/>\n<meta property=\"og:title\" content=\"Brazalete Sue\u00f1os - Boutique Floral\" \/>\n<meta property=\"og:description\" content=\"D\u00e9jate inspirar por nuestro mundo m\u00e1gico y so\u00f1ador, basado en el misterio del cielo nocturno y el brillo de la luz de las estrellas. Nuestra pulsera de estrellas presenta una colecci\u00f3n de formas irregulares de estrellas en plata de ley, adornadas con piedras de circonita c\u00fabica redondas, unidas por barras de pav\u00e9 para evocar una vida m\u00e1s all\u00e1 de tus sue\u00f1os m\u00e1s salvajes, con cada estrella simbolizando un hito pasado o un logro futuro. Deja que esta pulsera en plata de ley te recuerde todos los momentos de orgullo que te definen.  Si solicita otra talla especificar en detalles del envi\u00f3 y contactarse de nosotros para un proceso mas r\u00e1pido de tu compra\" \/>\n<meta property=\"og:url\" content=\"https:\/\/boutiquefloralec.com\/index.php\/producto\/brazalete-suenos\/\" \/>\n<meta property=\"og:site_name\" content=\"Boutique Floral\" \/>\n<meta property=\"article:publisher\" content=\"https:\/\/www.facebook.com\/boutiquefloralec\/\" \/>\n<meta property=\"article:modified_time\" content=\"2025-09-14T19:51:23+00:00\" \/>\n<meta property=\"og:image\" content=\"https:\/\/boutiquefloralec.com\/wp-content\/uploads\/2024\/04\/Brazalete-suenos.jpg\" \/>\n\t<meta property=\"og:image:width\" content=\"900\" \/>\n\t<meta property=\"og:image:height\" content=\"900\" \/>\n\t<meta property=\"og:image:type\" content=\"image\/jpeg\" \/>\n<meta name=\"twitter:card\" content=\"summary_large_image\" \/>\n<meta name=\"twitter:label1\" content=\"Tiempo de lectura\" \/>\n\t<meta name=\"twitter:data1\" content=\"1 minuto\" \/>\n<script type=\"application\/ld+json\" class=\"yoast-schema-graph\">{\"@context\":\"https:\\\/\\\/schema.org\",\"@graph\":[{\"@type\":\"WebPage\",\"@id\":\"https:\\\/\\\/boutiquefloralec.com\\\/index.php\\\/producto\\\/brazalete-suenos\\\/\",\"url\":\"https:\\\/\\\/boutiquefloralec.com\\\/index.php\\\/producto\\\/brazalete-suenos\\\/\",\"name\":\"Brazalete Sue\u00f1os - Boutique Floral\",\"isPartOf\":{\"@id\":\"https:\\\/\\\/boutiquefloralec.com\\\/#website\"},\"primaryImageOfPage\":{\"@id\":\"https:\\\/\\\/boutiquefloralec.com\\\/index.php\\\/producto\\\/brazalete-suenos\\\/#primaryimage\"},\"image\":{\"@id\":\"https:\\\/\\\/boutiquefloralec.com\\\/index.php\\\/producto\\\/brazalete-suenos\\\/#primaryimage\"},\"thumbnailUrl\":\"https:\\\/\\\/boutiquefloralec.com\\\/wp-content\\\/uploads\\\/2024\\\/04\\\/Brazalete-suenos.jpg\",\"datePublished\":\"2024-04-24T05:28:34+00:00\",\"dateModified\":\"2025-09-14T19:51:23+00:00\",\"breadcrumb\":{\"@id\":\"https:\\\/\\\/boutiquefloralec.com\\\/index.php\\\/producto\\\/brazalete-suenos\\\/#breadcrumb\"},\"inLanguage\":\"es\",\"potentialAction\":[{\"@type\":\"ReadAction\",\"target\":[\"https:\\\/\\\/boutiquefloralec.com\\\/index.php\\\/producto\\\/brazalete-suenos\\\/\"]}]},{\"@type\":\"ImageObject\",\"inLanguage\":\"es\",\"@id\":\"https:\\\/\\\/boutiquefloralec.com\\\/index.php\\\/producto\\\/brazalete-suenos\\\/#primaryimage\",\"url\":\"https:\\\/\\\/boutiquefloralec.com\\\/wp-content\\\/uploads\\\/2024\\\/04\\\/Brazalete-suenos.jpg\",\"contentUrl\":\"https:\\\/\\\/boutiquefloralec.com\\\/wp-content\\\/uploads\\\/2024\\\/04\\\/Brazalete-suenos.jpg\",\"width\":900,\"height\":900,\"caption\":\"Brazalete Sue\u00f1os\"},{\"@type\":\"BreadcrumbList\",\"@id\":\"https:\\\/\\\/boutiquefloralec.com\\\/index.php\\\/producto\\\/brazalete-suenos\\\/#breadcrumb\",\"itemListElement\":[{\"@type\":\"ListItem\",\"position\":1,\"name\":\"Portada\",\"item\":\"https:\\\/\\\/boutiquefloralec.com\\\/\"},{\"@type\":\"ListItem\",\"position\":2,\"name\":\"Productos\",\"item\":\"https:\\\/\\\/boutiquefloralec.com\\\/index.php\\\/shop\\\/\"},{\"@type\":\"ListItem\",\"position\":3,\"name\":\"Brazalete Sue\u00f1os\"}]},{\"@type\":\"WebSite\",\"@id\":\"https:\\\/\\\/boutiquefloralec.com\\\/#website\",\"url\":\"https:\\\/\\\/boutiquefloralec.com\\\/\",\"name\":\"Boutique Floral\",\"description\":\"Tienda de Regalos y Joyeria\",\"publisher\":{\"@id\":\"https:\\\/\\\/boutiquefloralec.com\\\/#organization\"},\"potentialAction\":[{\"@type\":\"SearchAction\",\"target\":{\"@type\":\"EntryPoint\",\"urlTemplate\":\"https:\\\/\\\/boutiquefloralec.com\\\/?s={search_term_string}\"},\"query-input\":{\"@type\":\"PropertyValueSpecification\",\"valueRequired\":true,\"valueName\":\"search_term_string\"}}],\"inLanguage\":\"es\"},{\"@type\":\"Organization\",\"@id\":\"https:\\\/\\\/boutiquefloralec.com\\\/#organization\",\"name\":\"Boutique Floral\",\"url\":\"https:\\\/\\\/boutiquefloralec.com\\\/\",\"logo\":{\"@type\":\"ImageObject\",\"inLanguage\":\"es\",\"@id\":\"https:\\\/\\\/boutiquefloralec.com\\\/#\\\/schema\\\/logo\\\/image\\\/\",\"url\":\"http:\\\/\\\/boutiquefloralec.com\\\/wp-content\\\/uploads\\\/2024\\\/10\\\/1.png\",\"contentUrl\":\"http:\\\/\\\/boutiquefloralec.com\\\/wp-content\\\/uploads\\\/2024\\\/10\\\/1.png\",\"width\":2500,\"height\":1800,\"caption\":\"Boutique Floral\"},\"image\":{\"@id\":\"https:\\\/\\\/boutiquefloralec.com\\\/#\\\/schema\\\/logo\\\/image\\\/\"},\"sameAs\":[\"https:\\\/\\\/www.facebook.com\\\/boutiquefloralec\\\/\",\"https:\\\/\\\/www.instagram.com\\\/boutiquefloral.ecu\"]}]}<\/script>\n<!-- \/ Yoast SEO plugin. -->","yoast_head_json":{"title":"Brazalete Sue\u00f1os - Boutique Floral","robots":{"index":"index","follow":"follow","max-snippet":"max-snippet:-1","max-image-preview":"max-image-preview:large","max-video-preview":"max-video-preview:-1"},"canonical":"https:\/\/boutiquefloralec.com\/index.php\/producto\/brazalete-suenos\/","og_locale":"es_ES","og_type":"article","og_title":"Brazalete Sue\u00f1os - Boutique Floral","og_description":"D\u00e9jate inspirar por nuestro mundo m\u00e1gico y so\u00f1ador, basado en el misterio del cielo nocturno y el brillo de la luz de las estrellas. Nuestra pulsera de estrellas presenta una colecci\u00f3n de formas irregulares de estrellas en plata de ley, adornadas con piedras de circonita c\u00fabica redondas, unidas por barras de pav\u00e9 para evocar una vida m\u00e1s all\u00e1 de tus sue\u00f1os m\u00e1s salvajes, con cada estrella simbolizando un hito pasado o un logro futuro. Deja que esta pulsera en plata de ley te recuerde todos los momentos de orgullo que te definen.  Si solicita otra talla especificar en detalles del envi\u00f3 y contactarse de nosotros para un proceso mas r\u00e1pido de tu compra","og_url":"https:\/\/boutiquefloralec.com\/index.php\/producto\/brazalete-suenos\/","og_site_name":"Boutique Floral","article_publisher":"https:\/\/www.facebook.com\/boutiquefloralec\/","article_modified_time":"2025-09-14T19:51:23+00:00","og_image":[{"width":900,"height":900,"url":"https:\/\/boutiquefloralec.com\/wp-content\/uploads\/2024\/04\/Brazalete-suenos.jpg","type":"image\/jpeg"}],"twitter_card":"summary_large_image","twitter_misc":{"Tiempo de lectura":"1 minuto"},"schema":{"@context":"https:\/\/schema.org","@graph":[{"@type":"WebPage","@id":"https:\/\/boutiquefloralec.com\/index.php\/producto\/brazalete-suenos\/","url":"https:\/\/boutiquefloralec.com\/index.php\/producto\/brazalete-suenos\/","name":"Brazalete Sue\u00f1os - Boutique Floral","isPartOf":{"@id":"https:\/\/boutiquefloralec.com\/#website"},"primaryImageOfPage":{"@id":"https:\/\/boutiquefloralec.com\/index.php\/producto\/brazalete-suenos\/#primaryimage"},"image":{"@id":"https:\/\/boutiquefloralec.com\/index.php\/producto\/brazalete-suenos\/#primaryimage"},"thumbnailUrl":"https:\/\/boutiquefloralec.com\/wp-content\/uploads\/2024\/04\/Brazalete-suenos.jpg","datePublished":"2024-04-24T05:28:34+00:00","dateModified":"2025-09-14T19:51:23+00:00","breadcrumb":{"@id":"https:\/\/boutiquefloralec.com\/index.php\/producto\/brazalete-suenos\/#breadcrumb"},"inLanguage":"es","potentialAction":[{"@type":"ReadAction","target":["https:\/\/boutiquefloralec.com\/index.php\/producto\/brazalete-suenos\/"]}]},{"@type":"ImageObject","inLanguage":"es","@id":"https:\/\/boutiquefloralec.com\/index.php\/producto\/brazalete-suenos\/#primaryimage","url":"https:\/\/boutiquefloralec.com\/wp-content\/uploads\/2024\/04\/Brazalete-suenos.jpg","contentUrl":"https:\/\/boutiquefloralec.com\/wp-content\/uploads\/2024\/04\/Brazalete-suenos.jpg","width":900,"height":900,"caption":"Brazalete Sue\u00f1os"},{"@type":"BreadcrumbList","@id":"https:\/\/boutiquefloralec.com\/index.php\/producto\/brazalete-suenos\/#breadcrumb","itemListElement":[{"@type":"ListItem","position":1,"name":"Portada","item":"https:\/\/boutiquefloralec.com\/"},{"@type":"ListItem","position":2,"name":"Productos","item":"https:\/\/boutiquefloralec.com\/index.php\/shop\/"},{"@type":"ListItem","position":3,"name":"Brazalete Sue\u00f1os"}]},{"@type":"WebSite","@id":"https:\/\/boutiquefloralec.com\/#website","url":"https:\/\/boutiquefloralec.com\/","name":"Boutique Floral","description":"Tienda de Regalos y Joyeria","publisher":{"@id":"https:\/\/boutiquefloralec.com\/#organization"},"potentialAction":[{"@type":"SearchAction","target":{"@type":"EntryPoint","urlTemplate":"https:\/\/boutiquefloralec.com\/?s={search_term_string}"},"query-input":{"@type":"PropertyValueSpecification","valueRequired":true,"valueName":"search_term_string"}}],"inLanguage":"es"},{"@type":"Organization","@id":"https:\/\/boutiquefloralec.com\/#organization","name":"Boutique Floral","url":"https:\/\/boutiquefloralec.com\/","logo":{"@type":"ImageObject","inLanguage":"es","@id":"https:\/\/boutiquefloralec.com\/#\/schema\/logo\/image\/","url":"http:\/\/boutiquefloralec.com\/wp-content\/uploads\/2024\/10\/1.png","contentUrl":"http:\/\/boutiquefloralec.com\/wp-content\/uploads\/2024\/10\/1.png","width":2500,"height":1800,"caption":"Boutique Floral"},"image":{"@id":"https:\/\/boutiquefloralec.com\/#\/schema\/logo\/image\/"},"sameAs":["https:\/\/www.facebook.com\/boutiquefloralec\/","https:\/\/www.instagram.com\/boutiquefloral.ecu"]}]}},"jetpack_sharing_enabled":true,"_links":{"self":[{"href":"https:\/\/boutiquefloralec.com\/index.php\/wp-json\/wp\/v2\/product\/745","targetHints":{"allow":["GET"]}}],"collection":[{"href":"https:\/\/boutiquefloralec.com\/index.php\/wp-json\/wp\/v2\/product"}],"about":[{"href":"https:\/\/boutiquefloralec.com\/index.php\/wp-json\/wp\/v2\/types\/product"}],"wp:featuredmedia":[{"embeddable":true,"href":"https:\/\/boutiquefloralec.com\/index.php\/wp-json\/wp\/v2\/media\/746"}],"wp:attachment":[{"href":"https:\/\/boutiquefloralec.com\/index.php\/wp-json\/wp\/v2\/media?parent=745"}],"wp:term":[{"taxonomy":"product_brand","embeddable":true,"href":"https:\/\/boutiquefloralec.com\/index.php\/wp-json\/wp\/v2\/product_brand?post=745"},{"taxonomy":"product_cat","embeddable":true,"href":"https:\/\/boutiquefloralec.com\/index.php\/wp-json\/wp\/v2\/product_cat?post=745"},{"taxonomy":"product_tag","embeddable":true,"href":"https:\/\/boutiquefloralec.com\/index.php\/wp-json\/wp\/v2\/product_tag?post=745"}],"curies":[{"name":"wp","href":"https:\/\/api.w.org\/{rel}","templated":true}]}}