{"id":636,"date":"2024-03-09T18:00:42","date_gmt":"2024-03-09T23:00:42","guid":{"rendered":"https:\/\/boutiquefloralec.com\/?post_type=product&#038;p=636"},"modified":"2024-03-10T18:53:20","modified_gmt":"2024-03-10T23:53:20","slug":"pecera-amelia-b8","status":"publish","type":"product","link":"https:\/\/boutiquefloralec.com\/index.php\/producto\/pecera-amelia-b8\/","title":{"rendered":"Pecera Amelia B8"},"content":{"rendered":"<p class=\"\" data-pm-slice=\"1 1 []\"><strong>Colores<\/strong>: Disponibles rojo , amarillo, blanco, turquesa, rosada ,negra.<\/p>\n<p class=\"sqsrte-small\"><strong>Envase :<\/strong> Pecera de vidrio 8 cm altura<\/p>\n<p class=\"sqsrte-small\"><strong>Tipo de rosa :<\/strong> Preservada Natural<\/p>\n<p class=\"sqsrte-small\"><strong>Tiempo de Duraci\u00f3n : <\/strong>1 a\u00f1o<\/p>\n<p class=\"sqsrte-small\"><strong>Tiempo de Entrega :<\/strong> 24 H00 -48 H00 varia seg\u00fan Ciudades .<\/p>\n<p class=\"sqsrte-small\"><strong>Env\u00edos a Domicilio<\/strong> <strong>: <\/strong>Los costos por env\u00edos a Domicilio ya se incluyen si realizas el pago con tarjeta de cr\u00e9dito.<\/p>\n<p class=\"sqsrte-small\">En el caso de pagos con transferencia bancaria , se adiciona al precio el costo de envi\u00f3.<\/p>\n<p class=\"sqsrte-small\">Dentro de la ciudad $1,50-$ 2,00 y en env\u00edos Nacionales $6,00 por paquete<\/p>\n","protected":false},"excerpt":{"rendered":"<p class=\"\" data-pm-slice=\"1 1 []\">Pecera de cristal peque\u00f1a con rosa preservada tama\u00f1o normal y decoraciones seg\u00fan la ocasi\u00f3n .<\/p>\n","protected":false},"featured_media":642,"template":"","meta":[],"product_brand":[],"product_cat":[24],"product_tag":[],"class_list":{"0":"post-636","1":"product","2":"type-product","3":"status-publish","4":"has-post-thumbnail","6":"product_cat-bouquets-preservados","8":"first","9":"instock","10":"taxable","11":"shipping-taxable","12":"purchasable","13":"product-type-variable"},"yoast_head":"<!-- This site is optimized with the Yoast SEO plugin v27.3 - https:\/\/yoast.com\/product\/yoast-seo-wordpress\/ -->\n<title>Pecera Amelia B8 - Boutique Floral<\/title>\n<meta name=\"robots\" content=\"index, follow, max-snippet:-1, max-image-preview:large, max-video-preview:-1\" \/>\n<link rel=\"canonical\" href=\"https:\/\/boutiquefloralec.com\/index.php\/producto\/pecera-amelia-b8\/\" \/>\n<meta property=\"og:locale\" content=\"es_ES\" \/>\n<meta property=\"og:type\" content=\"article\" \/>\n<meta property=\"og:title\" content=\"Pecera Amelia B8 - Boutique Floral\" \/>\n<meta property=\"og:description\" content=\"Pecera de cristal peque\u00f1a con rosa preservada tama\u00f1o normal y decoraciones seg\u00fan la ocasi\u00f3n .\" \/>\n<meta property=\"og:url\" content=\"https:\/\/boutiquefloralec.com\/index.php\/producto\/pecera-amelia-b8\/\" \/>\n<meta property=\"og:site_name\" content=\"Boutique Floral\" \/>\n<meta property=\"article:publisher\" content=\"https:\/\/www.facebook.com\/boutiquefloralec\/\" \/>\n<meta property=\"article:modified_time\" content=\"2024-03-10T23:53:20+00:00\" \/>\n<meta property=\"og:image\" content=\"https:\/\/boutiquefloralec.com\/wp-content\/uploads\/2024\/03\/Rosa-preservada-Amelia.jpg\" \/>\n\t<meta property=\"og:image:width\" content=\"816\" \/>\n\t<meta property=\"og:image:height\" content=\"1000\" \/>\n\t<meta property=\"og:image:type\" content=\"image\/jpeg\" \/>\n<meta name=\"twitter:card\" content=\"summary_large_image\" \/>\n<script type=\"application\/ld+json\" class=\"yoast-schema-graph\">{\"@context\":\"https:\\\/\\\/schema.org\",\"@graph\":[{\"@type\":\"WebPage\",\"@id\":\"https:\\\/\\\/boutiquefloralec.com\\\/index.php\\\/producto\\\/pecera-amelia-b8\\\/\",\"url\":\"https:\\\/\\\/boutiquefloralec.com\\\/index.php\\\/producto\\\/pecera-amelia-b8\\\/\",\"name\":\"Pecera Amelia B8 - Boutique Floral\",\"isPartOf\":{\"@id\":\"https:\\\/\\\/boutiquefloralec.com\\\/#website\"},\"primaryImageOfPage\":{\"@id\":\"https:\\\/\\\/boutiquefloralec.com\\\/index.php\\\/producto\\\/pecera-amelia-b8\\\/#primaryimage\"},\"image\":{\"@id\":\"https:\\\/\\\/boutiquefloralec.com\\\/index.php\\\/producto\\\/pecera-amelia-b8\\\/#primaryimage\"},\"thumbnailUrl\":\"https:\\\/\\\/boutiquefloralec.com\\\/wp-content\\\/uploads\\\/2024\\\/03\\\/Rosa-preservada-Amelia.jpg\",\"datePublished\":\"2024-03-09T23:00:42+00:00\",\"dateModified\":\"2024-03-10T23:53:20+00:00\",\"breadcrumb\":{\"@id\":\"https:\\\/\\\/boutiquefloralec.com\\\/index.php\\\/producto\\\/pecera-amelia-b8\\\/#breadcrumb\"},\"inLanguage\":\"es\",\"potentialAction\":[{\"@type\":\"ReadAction\",\"target\":[\"https:\\\/\\\/boutiquefloralec.com\\\/index.php\\\/producto\\\/pecera-amelia-b8\\\/\"]}]},{\"@type\":\"ImageObject\",\"inLanguage\":\"es\",\"@id\":\"https:\\\/\\\/boutiquefloralec.com\\\/index.php\\\/producto\\\/pecera-amelia-b8\\\/#primaryimage\",\"url\":\"https:\\\/\\\/boutiquefloralec.com\\\/wp-content\\\/uploads\\\/2024\\\/03\\\/Rosa-preservada-Amelia.jpg\",\"contentUrl\":\"https:\\\/\\\/boutiquefloralec.com\\\/wp-content\\\/uploads\\\/2024\\\/03\\\/Rosa-preservada-Amelia.jpg\",\"width\":816,\"height\":1000},{\"@type\":\"BreadcrumbList\",\"@id\":\"https:\\\/\\\/boutiquefloralec.com\\\/index.php\\\/producto\\\/pecera-amelia-b8\\\/#breadcrumb\",\"itemListElement\":[{\"@type\":\"ListItem\",\"position\":1,\"name\":\"Portada\",\"item\":\"https:\\\/\\\/boutiquefloralec.com\\\/\"},{\"@type\":\"ListItem\",\"position\":2,\"name\":\"Productos\",\"item\":\"https:\\\/\\\/boutiquefloralec.com\\\/index.php\\\/shop\\\/\"},{\"@type\":\"ListItem\",\"position\":3,\"name\":\"Pecera Amelia B8\"}]},{\"@type\":\"WebSite\",\"@id\":\"https:\\\/\\\/boutiquefloralec.com\\\/#website\",\"url\":\"https:\\\/\\\/boutiquefloralec.com\\\/\",\"name\":\"Boutique Floral\",\"description\":\"Tienda de Regalos y Joyeria\",\"publisher\":{\"@id\":\"https:\\\/\\\/boutiquefloralec.com\\\/#organization\"},\"potentialAction\":[{\"@type\":\"SearchAction\",\"target\":{\"@type\":\"EntryPoint\",\"urlTemplate\":\"https:\\\/\\\/boutiquefloralec.com\\\/?s={search_term_string}\"},\"query-input\":{\"@type\":\"PropertyValueSpecification\",\"valueRequired\":true,\"valueName\":\"search_term_string\"}}],\"inLanguage\":\"es\"},{\"@type\":\"Organization\",\"@id\":\"https:\\\/\\\/boutiquefloralec.com\\\/#organization\",\"name\":\"Boutique Floral\",\"url\":\"https:\\\/\\\/boutiquefloralec.com\\\/\",\"logo\":{\"@type\":\"ImageObject\",\"inLanguage\":\"es\",\"@id\":\"https:\\\/\\\/boutiquefloralec.com\\\/#\\\/schema\\\/logo\\\/image\\\/\",\"url\":\"http:\\\/\\\/boutiquefloralec.com\\\/wp-content\\\/uploads\\\/2024\\\/10\\\/1.png\",\"contentUrl\":\"http:\\\/\\\/boutiquefloralec.com\\\/wp-content\\\/uploads\\\/2024\\\/10\\\/1.png\",\"width\":2500,\"height\":1800,\"caption\":\"Boutique Floral\"},\"image\":{\"@id\":\"https:\\\/\\\/boutiquefloralec.com\\\/#\\\/schema\\\/logo\\\/image\\\/\"},\"sameAs\":[\"https:\\\/\\\/www.facebook.com\\\/boutiquefloralec\\\/\",\"https:\\\/\\\/www.instagram.com\\\/boutiquefloral.ecu\"]}]}<\/script>\n<!-- \/ Yoast SEO plugin. -->","yoast_head_json":{"title":"Pecera Amelia B8 - Boutique Floral","robots":{"index":"index","follow":"follow","max-snippet":"max-snippet:-1","max-image-preview":"max-image-preview:large","max-video-preview":"max-video-preview:-1"},"canonical":"https:\/\/boutiquefloralec.com\/index.php\/producto\/pecera-amelia-b8\/","og_locale":"es_ES","og_type":"article","og_title":"Pecera Amelia B8 - Boutique Floral","og_description":"Pecera de cristal peque\u00f1a con rosa preservada tama\u00f1o normal y decoraciones seg\u00fan la ocasi\u00f3n .","og_url":"https:\/\/boutiquefloralec.com\/index.php\/producto\/pecera-amelia-b8\/","og_site_name":"Boutique Floral","article_publisher":"https:\/\/www.facebook.com\/boutiquefloralec\/","article_modified_time":"2024-03-10T23:53:20+00:00","og_image":[{"width":816,"height":1000,"url":"https:\/\/boutiquefloralec.com\/wp-content\/uploads\/2024\/03\/Rosa-preservada-Amelia.jpg","type":"image\/jpeg"}],"twitter_card":"summary_large_image","schema":{"@context":"https:\/\/schema.org","@graph":[{"@type":"WebPage","@id":"https:\/\/boutiquefloralec.com\/index.php\/producto\/pecera-amelia-b8\/","url":"https:\/\/boutiquefloralec.com\/index.php\/producto\/pecera-amelia-b8\/","name":"Pecera Amelia B8 - Boutique Floral","isPartOf":{"@id":"https:\/\/boutiquefloralec.com\/#website"},"primaryImageOfPage":{"@id":"https:\/\/boutiquefloralec.com\/index.php\/producto\/pecera-amelia-b8\/#primaryimage"},"image":{"@id":"https:\/\/boutiquefloralec.com\/index.php\/producto\/pecera-amelia-b8\/#primaryimage"},"thumbnailUrl":"https:\/\/boutiquefloralec.com\/wp-content\/uploads\/2024\/03\/Rosa-preservada-Amelia.jpg","datePublished":"2024-03-09T23:00:42+00:00","dateModified":"2024-03-10T23:53:20+00:00","breadcrumb":{"@id":"https:\/\/boutiquefloralec.com\/index.php\/producto\/pecera-amelia-b8\/#breadcrumb"},"inLanguage":"es","potentialAction":[{"@type":"ReadAction","target":["https:\/\/boutiquefloralec.com\/index.php\/producto\/pecera-amelia-b8\/"]}]},{"@type":"ImageObject","inLanguage":"es","@id":"https:\/\/boutiquefloralec.com\/index.php\/producto\/pecera-amelia-b8\/#primaryimage","url":"https:\/\/boutiquefloralec.com\/wp-content\/uploads\/2024\/03\/Rosa-preservada-Amelia.jpg","contentUrl":"https:\/\/boutiquefloralec.com\/wp-content\/uploads\/2024\/03\/Rosa-preservada-Amelia.jpg","width":816,"height":1000},{"@type":"BreadcrumbList","@id":"https:\/\/boutiquefloralec.com\/index.php\/producto\/pecera-amelia-b8\/#breadcrumb","itemListElement":[{"@type":"ListItem","position":1,"name":"Portada","item":"https:\/\/boutiquefloralec.com\/"},{"@type":"ListItem","position":2,"name":"Productos","item":"https:\/\/boutiquefloralec.com\/index.php\/shop\/"},{"@type":"ListItem","position":3,"name":"Pecera Amelia B8"}]},{"@type":"WebSite","@id":"https:\/\/boutiquefloralec.com\/#website","url":"https:\/\/boutiquefloralec.com\/","name":"Boutique Floral","description":"Tienda de Regalos y Joyeria","publisher":{"@id":"https:\/\/boutiquefloralec.com\/#organization"},"potentialAction":[{"@type":"SearchAction","target":{"@type":"EntryPoint","urlTemplate":"https:\/\/boutiquefloralec.com\/?s={search_term_string}"},"query-input":{"@type":"PropertyValueSpecification","valueRequired":true,"valueName":"search_term_string"}}],"inLanguage":"es"},{"@type":"Organization","@id":"https:\/\/boutiquefloralec.com\/#organization","name":"Boutique Floral","url":"https:\/\/boutiquefloralec.com\/","logo":{"@type":"ImageObject","inLanguage":"es","@id":"https:\/\/boutiquefloralec.com\/#\/schema\/logo\/image\/","url":"http:\/\/boutiquefloralec.com\/wp-content\/uploads\/2024\/10\/1.png","contentUrl":"http:\/\/boutiquefloralec.com\/wp-content\/uploads\/2024\/10\/1.png","width":2500,"height":1800,"caption":"Boutique Floral"},"image":{"@id":"https:\/\/boutiquefloralec.com\/#\/schema\/logo\/image\/"},"sameAs":["https:\/\/www.facebook.com\/boutiquefloralec\/","https:\/\/www.instagram.com\/boutiquefloral.ecu"]}]}},"jetpack_sharing_enabled":true,"_links":{"self":[{"href":"https:\/\/boutiquefloralec.com\/index.php\/wp-json\/wp\/v2\/product\/636","targetHints":{"allow":["GET"]}}],"collection":[{"href":"https:\/\/boutiquefloralec.com\/index.php\/wp-json\/wp\/v2\/product"}],"about":[{"href":"https:\/\/boutiquefloralec.com\/index.php\/wp-json\/wp\/v2\/types\/product"}],"wp:featuredmedia":[{"embeddable":true,"href":"https:\/\/boutiquefloralec.com\/index.php\/wp-json\/wp\/v2\/media\/642"}],"wp:attachment":[{"href":"https:\/\/boutiquefloralec.com\/index.php\/wp-json\/wp\/v2\/media?parent=636"}],"wp:term":[{"taxonomy":"product_brand","embeddable":true,"href":"https:\/\/boutiquefloralec.com\/index.php\/wp-json\/wp\/v2\/product_brand?post=636"},{"taxonomy":"product_cat","embeddable":true,"href":"https:\/\/boutiquefloralec.com\/index.php\/wp-json\/wp\/v2\/product_cat?post=636"},{"taxonomy":"product_tag","embeddable":true,"href":"https:\/\/boutiquefloralec.com\/index.php\/wp-json\/wp\/v2\/product_tag?post=636"}],"curies":[{"name":"wp","href":"https:\/\/api.w.org\/{rel}","templated":true}]}}