{"id":1107,"date":"2024-08-22T12:49:05","date_gmt":"2024-08-22T17:49:05","guid":{"rendered":"https:\/\/boutiquefloralec.com\/?post_type=product&#038;p=1107"},"modified":"2025-09-12T18:28:25","modified_gmt":"2025-09-12T23:28:25","slug":"aros-arcos-de-pandora-con-circonitas-multicolores","status":"publish","type":"product","link":"https:\/\/boutiquefloralec.com\/index.php\/producto\/aros-arcos-de-pandora-con-circonitas-multicolores\/","title":{"rendered":"Arcos con Circonitas Multicolores"},"content":{"rendered":"<p class=\"\"><strong>Compatible:\u00a0<\/strong>Brazalete Moments .<\/p>\n<p class=\"\"><strong>Tiempo de Entrega :<\/strong>\u00a024 H00 -48 H00 varia seg\u00fan Ciudades .<\/p>\n<p class=\"\"><strong>Env\u00edos a Domicilio<\/strong>\u00a0<strong>:\u00a0<\/strong>Los costos por env\u00edos a Domicilio ya se incluyen si realizas el pago con tarjeta de cr\u00e9dito.<\/p>\n<p class=\"\">En el caso de pagos con transferencia bancaria , se adiciona al precio el costo de envi\u00f3.<\/p>\n<p class=\"\">Dentro de la ciudad $1,50-$ 2,00 y en env\u00edos Nacionales $6,00 por paquet<\/p>\n","protected":false},"excerpt":{"rendered":"<p>Embellece tu estilo con los deslumbrantes Aros Arcos de Pandora, adornados con una vibrante mezcla de circonitas c\u00fabicas y cristales en tonos multicolores. Estos aros, acabados a mano en plata de primera ley, presentan un dise\u00f1o \u00fanico que captura la luz con cada movimiento. Las circonitas de colores se organizan en arcos elegantes, a\u00f1adiendo un toque moderno y divertido a tu look. Perfectos para una ocasi\u00f3n especial o para dar un toque de color a tu estilo diario, estos aros ser\u00e1n una pieza llamativa en tu colecci\u00f3n. Comb\u00ednalos con otros dise\u00f1os de Pandora para un conjunto armonioso y lleno de vida.<\/p>\n<p>&nbsp;<\/p>\n","protected":false},"featured_media":1113,"template":"","meta":[],"product_brand":[],"product_cat":[35],"product_tag":[],"class_list":{"0":"post-1107","1":"product","2":"type-product","3":"status-publish","4":"has-post-thumbnail","6":"product_cat-aretes","8":"first","9":"instock","10":"taxable","11":"shipping-taxable","12":"purchasable","13":"product-type-simple"},"yoast_head":"<!-- This site is optimized with the Yoast SEO plugin v27.3 - https:\/\/yoast.com\/product\/yoast-seo-wordpress\/ -->\n<title>Arcos con Circonitas Multicolores - Boutique Floral<\/title>\n<meta name=\"robots\" content=\"index, follow, max-snippet:-1, max-image-preview:large, max-video-preview:-1\" \/>\n<link rel=\"canonical\" href=\"https:\/\/boutiquefloralec.com\/index.php\/producto\/aros-arcos-de-pandora-con-circonitas-multicolores\/\" \/>\n<meta property=\"og:locale\" content=\"es_ES\" \/>\n<meta property=\"og:type\" content=\"article\" \/>\n<meta property=\"og:title\" content=\"Arcos con Circonitas Multicolores - Boutique Floral\" \/>\n<meta property=\"og:description\" content=\"Embellece tu estilo con los deslumbrantes Aros Arcos de Pandora, adornados con una vibrante mezcla de circonitas c\u00fabicas y cristales en tonos multicolores. Estos aros, acabados a mano en plata de primera ley, presentan un dise\u00f1o \u00fanico que captura la luz con cada movimiento. Las circonitas de colores se organizan en arcos elegantes, a\u00f1adiendo un toque moderno y divertido a tu look. Perfectos para una ocasi\u00f3n especial o para dar un toque de color a tu estilo diario, estos aros ser\u00e1n una pieza llamativa en tu colecci\u00f3n. Comb\u00ednalos con otros dise\u00f1os de Pandora para un conjunto armonioso y lleno de vida.  &nbsp;\" \/>\n<meta property=\"og:url\" content=\"https:\/\/boutiquefloralec.com\/index.php\/producto\/aros-arcos-de-pandora-con-circonitas-multicolores\/\" \/>\n<meta property=\"og:site_name\" content=\"Boutique Floral\" \/>\n<meta property=\"article:publisher\" content=\"https:\/\/www.facebook.com\/boutiquefloralec\/\" \/>\n<meta property=\"article:modified_time\" content=\"2025-09-12T23:28:25+00:00\" \/>\n<meta property=\"og:image\" content=\"http:\/\/boutiquefloralec.com\/wp-content\/uploads\/2024\/08\/il_600x600.5314159134_dax8.webp\" \/>\n\t<meta property=\"og:image:width\" content=\"600\" \/>\n\t<meta property=\"og:image:height\" content=\"600\" \/>\n\t<meta property=\"og:image:type\" content=\"image\/webp\" \/>\n<meta name=\"twitter:card\" content=\"summary_large_image\" \/>\n<script type=\"application\/ld+json\" class=\"yoast-schema-graph\">{\"@context\":\"https:\\\/\\\/schema.org\",\"@graph\":[{\"@type\":\"WebPage\",\"@id\":\"https:\\\/\\\/boutiquefloralec.com\\\/index.php\\\/producto\\\/aros-arcos-de-pandora-con-circonitas-multicolores\\\/\",\"url\":\"https:\\\/\\\/boutiquefloralec.com\\\/index.php\\\/producto\\\/aros-arcos-de-pandora-con-circonitas-multicolores\\\/\",\"name\":\"Arcos con Circonitas Multicolores - Boutique Floral\",\"isPartOf\":{\"@id\":\"https:\\\/\\\/boutiquefloralec.com\\\/#website\"},\"primaryImageOfPage\":{\"@id\":\"https:\\\/\\\/boutiquefloralec.com\\\/index.php\\\/producto\\\/aros-arcos-de-pandora-con-circonitas-multicolores\\\/#primaryimage\"},\"image\":{\"@id\":\"https:\\\/\\\/boutiquefloralec.com\\\/index.php\\\/producto\\\/aros-arcos-de-pandora-con-circonitas-multicolores\\\/#primaryimage\"},\"thumbnailUrl\":\"https:\\\/\\\/boutiquefloralec.com\\\/wp-content\\\/uploads\\\/2024\\\/08\\\/il_600x600.5314159134_dax8.webp\",\"datePublished\":\"2024-08-22T17:49:05+00:00\",\"dateModified\":\"2025-09-12T23:28:25+00:00\",\"breadcrumb\":{\"@id\":\"https:\\\/\\\/boutiquefloralec.com\\\/index.php\\\/producto\\\/aros-arcos-de-pandora-con-circonitas-multicolores\\\/#breadcrumb\"},\"inLanguage\":\"es\",\"potentialAction\":[{\"@type\":\"ReadAction\",\"target\":[\"https:\\\/\\\/boutiquefloralec.com\\\/index.php\\\/producto\\\/aros-arcos-de-pandora-con-circonitas-multicolores\\\/\"]}]},{\"@type\":\"ImageObject\",\"inLanguage\":\"es\",\"@id\":\"https:\\\/\\\/boutiquefloralec.com\\\/index.php\\\/producto\\\/aros-arcos-de-pandora-con-circonitas-multicolores\\\/#primaryimage\",\"url\":\"https:\\\/\\\/boutiquefloralec.com\\\/wp-content\\\/uploads\\\/2024\\\/08\\\/il_600x600.5314159134_dax8.webp\",\"contentUrl\":\"https:\\\/\\\/boutiquefloralec.com\\\/wp-content\\\/uploads\\\/2024\\\/08\\\/il_600x600.5314159134_dax8.webp\",\"width\":600,\"height\":600},{\"@type\":\"BreadcrumbList\",\"@id\":\"https:\\\/\\\/boutiquefloralec.com\\\/index.php\\\/producto\\\/aros-arcos-de-pandora-con-circonitas-multicolores\\\/#breadcrumb\",\"itemListElement\":[{\"@type\":\"ListItem\",\"position\":1,\"name\":\"Portada\",\"item\":\"https:\\\/\\\/boutiquefloralec.com\\\/\"},{\"@type\":\"ListItem\",\"position\":2,\"name\":\"Productos\",\"item\":\"https:\\\/\\\/boutiquefloralec.com\\\/index.php\\\/shop\\\/\"},{\"@type\":\"ListItem\",\"position\":3,\"name\":\"Arcos con Circonitas Multicolores\"}]},{\"@type\":\"WebSite\",\"@id\":\"https:\\\/\\\/boutiquefloralec.com\\\/#website\",\"url\":\"https:\\\/\\\/boutiquefloralec.com\\\/\",\"name\":\"Boutique Floral\",\"description\":\"Tienda de Regalos y Joyeria\",\"publisher\":{\"@id\":\"https:\\\/\\\/boutiquefloralec.com\\\/#organization\"},\"potentialAction\":[{\"@type\":\"SearchAction\",\"target\":{\"@type\":\"EntryPoint\",\"urlTemplate\":\"https:\\\/\\\/boutiquefloralec.com\\\/?s={search_term_string}\"},\"query-input\":{\"@type\":\"PropertyValueSpecification\",\"valueRequired\":true,\"valueName\":\"search_term_string\"}}],\"inLanguage\":\"es\"},{\"@type\":\"Organization\",\"@id\":\"https:\\\/\\\/boutiquefloralec.com\\\/#organization\",\"name\":\"Boutique Floral\",\"url\":\"https:\\\/\\\/boutiquefloralec.com\\\/\",\"logo\":{\"@type\":\"ImageObject\",\"inLanguage\":\"es\",\"@id\":\"https:\\\/\\\/boutiquefloralec.com\\\/#\\\/schema\\\/logo\\\/image\\\/\",\"url\":\"http:\\\/\\\/boutiquefloralec.com\\\/wp-content\\\/uploads\\\/2024\\\/10\\\/1.png\",\"contentUrl\":\"http:\\\/\\\/boutiquefloralec.com\\\/wp-content\\\/uploads\\\/2024\\\/10\\\/1.png\",\"width\":2500,\"height\":1800,\"caption\":\"Boutique Floral\"},\"image\":{\"@id\":\"https:\\\/\\\/boutiquefloralec.com\\\/#\\\/schema\\\/logo\\\/image\\\/\"},\"sameAs\":[\"https:\\\/\\\/www.facebook.com\\\/boutiquefloralec\\\/\",\"https:\\\/\\\/www.instagram.com\\\/boutiquefloral.ecu\"]}]}<\/script>\n<!-- \/ Yoast SEO plugin. -->","yoast_head_json":{"title":"Arcos con Circonitas Multicolores - Boutique Floral","robots":{"index":"index","follow":"follow","max-snippet":"max-snippet:-1","max-image-preview":"max-image-preview:large","max-video-preview":"max-video-preview:-1"},"canonical":"https:\/\/boutiquefloralec.com\/index.php\/producto\/aros-arcos-de-pandora-con-circonitas-multicolores\/","og_locale":"es_ES","og_type":"article","og_title":"Arcos con Circonitas Multicolores - Boutique Floral","og_description":"Embellece tu estilo con los deslumbrantes Aros Arcos de Pandora, adornados con una vibrante mezcla de circonitas c\u00fabicas y cristales en tonos multicolores. Estos aros, acabados a mano en plata de primera ley, presentan un dise\u00f1o \u00fanico que captura la luz con cada movimiento. Las circonitas de colores se organizan en arcos elegantes, a\u00f1adiendo un toque moderno y divertido a tu look. Perfectos para una ocasi\u00f3n especial o para dar un toque de color a tu estilo diario, estos aros ser\u00e1n una pieza llamativa en tu colecci\u00f3n. Comb\u00ednalos con otros dise\u00f1os de Pandora para un conjunto armonioso y lleno de vida.  &nbsp;","og_url":"https:\/\/boutiquefloralec.com\/index.php\/producto\/aros-arcos-de-pandora-con-circonitas-multicolores\/","og_site_name":"Boutique Floral","article_publisher":"https:\/\/www.facebook.com\/boutiquefloralec\/","article_modified_time":"2025-09-12T23:28:25+00:00","og_image":[{"width":600,"height":600,"url":"http:\/\/boutiquefloralec.com\/wp-content\/uploads\/2024\/08\/il_600x600.5314159134_dax8.webp","type":"image\/webp"}],"twitter_card":"summary_large_image","schema":{"@context":"https:\/\/schema.org","@graph":[{"@type":"WebPage","@id":"https:\/\/boutiquefloralec.com\/index.php\/producto\/aros-arcos-de-pandora-con-circonitas-multicolores\/","url":"https:\/\/boutiquefloralec.com\/index.php\/producto\/aros-arcos-de-pandora-con-circonitas-multicolores\/","name":"Arcos con Circonitas Multicolores - Boutique Floral","isPartOf":{"@id":"https:\/\/boutiquefloralec.com\/#website"},"primaryImageOfPage":{"@id":"https:\/\/boutiquefloralec.com\/index.php\/producto\/aros-arcos-de-pandora-con-circonitas-multicolores\/#primaryimage"},"image":{"@id":"https:\/\/boutiquefloralec.com\/index.php\/producto\/aros-arcos-de-pandora-con-circonitas-multicolores\/#primaryimage"},"thumbnailUrl":"https:\/\/boutiquefloralec.com\/wp-content\/uploads\/2024\/08\/il_600x600.5314159134_dax8.webp","datePublished":"2024-08-22T17:49:05+00:00","dateModified":"2025-09-12T23:28:25+00:00","breadcrumb":{"@id":"https:\/\/boutiquefloralec.com\/index.php\/producto\/aros-arcos-de-pandora-con-circonitas-multicolores\/#breadcrumb"},"inLanguage":"es","potentialAction":[{"@type":"ReadAction","target":["https:\/\/boutiquefloralec.com\/index.php\/producto\/aros-arcos-de-pandora-con-circonitas-multicolores\/"]}]},{"@type":"ImageObject","inLanguage":"es","@id":"https:\/\/boutiquefloralec.com\/index.php\/producto\/aros-arcos-de-pandora-con-circonitas-multicolores\/#primaryimage","url":"https:\/\/boutiquefloralec.com\/wp-content\/uploads\/2024\/08\/il_600x600.5314159134_dax8.webp","contentUrl":"https:\/\/boutiquefloralec.com\/wp-content\/uploads\/2024\/08\/il_600x600.5314159134_dax8.webp","width":600,"height":600},{"@type":"BreadcrumbList","@id":"https:\/\/boutiquefloralec.com\/index.php\/producto\/aros-arcos-de-pandora-con-circonitas-multicolores\/#breadcrumb","itemListElement":[{"@type":"ListItem","position":1,"name":"Portada","item":"https:\/\/boutiquefloralec.com\/"},{"@type":"ListItem","position":2,"name":"Productos","item":"https:\/\/boutiquefloralec.com\/index.php\/shop\/"},{"@type":"ListItem","position":3,"name":"Arcos con Circonitas Multicolores"}]},{"@type":"WebSite","@id":"https:\/\/boutiquefloralec.com\/#website","url":"https:\/\/boutiquefloralec.com\/","name":"Boutique Floral","description":"Tienda de Regalos y Joyeria","publisher":{"@id":"https:\/\/boutiquefloralec.com\/#organization"},"potentialAction":[{"@type":"SearchAction","target":{"@type":"EntryPoint","urlTemplate":"https:\/\/boutiquefloralec.com\/?s={search_term_string}"},"query-input":{"@type":"PropertyValueSpecification","valueRequired":true,"valueName":"search_term_string"}}],"inLanguage":"es"},{"@type":"Organization","@id":"https:\/\/boutiquefloralec.com\/#organization","name":"Boutique Floral","url":"https:\/\/boutiquefloralec.com\/","logo":{"@type":"ImageObject","inLanguage":"es","@id":"https:\/\/boutiquefloralec.com\/#\/schema\/logo\/image\/","url":"http:\/\/boutiquefloralec.com\/wp-content\/uploads\/2024\/10\/1.png","contentUrl":"http:\/\/boutiquefloralec.com\/wp-content\/uploads\/2024\/10\/1.png","width":2500,"height":1800,"caption":"Boutique Floral"},"image":{"@id":"https:\/\/boutiquefloralec.com\/#\/schema\/logo\/image\/"},"sameAs":["https:\/\/www.facebook.com\/boutiquefloralec\/","https:\/\/www.instagram.com\/boutiquefloral.ecu"]}]}},"jetpack_sharing_enabled":true,"_links":{"self":[{"href":"https:\/\/boutiquefloralec.com\/index.php\/wp-json\/wp\/v2\/product\/1107","targetHints":{"allow":["GET"]}}],"collection":[{"href":"https:\/\/boutiquefloralec.com\/index.php\/wp-json\/wp\/v2\/product"}],"about":[{"href":"https:\/\/boutiquefloralec.com\/index.php\/wp-json\/wp\/v2\/types\/product"}],"wp:featuredmedia":[{"embeddable":true,"href":"https:\/\/boutiquefloralec.com\/index.php\/wp-json\/wp\/v2\/media\/1113"}],"wp:attachment":[{"href":"https:\/\/boutiquefloralec.com\/index.php\/wp-json\/wp\/v2\/media?parent=1107"}],"wp:term":[{"taxonomy":"product_brand","embeddable":true,"href":"https:\/\/boutiquefloralec.com\/index.php\/wp-json\/wp\/v2\/product_brand?post=1107"},{"taxonomy":"product_cat","embeddable":true,"href":"https:\/\/boutiquefloralec.com\/index.php\/wp-json\/wp\/v2\/product_cat?post=1107"},{"taxonomy":"product_tag","embeddable":true,"href":"https:\/\/boutiquefloralec.com\/index.php\/wp-json\/wp\/v2\/product_tag?post=1107"}],"curies":[{"name":"wp","href":"https:\/\/api.w.org\/{rel}","templated":true}]}}