{"id":1521,"date":"2025-09-09T16:54:50","date_gmt":"2025-09-09T21:54:50","guid":{"rendered":"https:\/\/boutiquefloralec.com\/?page_id=1521"},"modified":"2025-09-09T16:55:14","modified_gmt":"2025-09-09T21:55:14","slug":"proceso-de-compra","status":"publish","type":"page","link":"https:\/\/boutiquefloralec.com\/index.php\/proceso-de-compra\/","title":{"rendered":"PROCESO DE COMPRA"},"content":{"rendered":"\n<p><strong>\u00bfQU\u00c9 FORMA DE PAGO PUEDO UTILIZAR PARA REALIZAR MI COMPRA?<\/strong><br>La tienda online de BOUTIQUE FLORAL dispone del m\u00e9todo de pago Tarjeta de cr\u00e9dito.\u00a0<\/p>\n\n\n\n<p><strong>\u00bfPOR QU\u00c9 RAZONES PUEDE SER RECHAZADA MI TARJETA DE CR\u00c9DITO?<\/strong><br>Tu tarjeta de cr\u00e9dito puede ser rechazada por una de las siguientes razones:<\/p>\n\n\n\n<p>La tarjeta puede estar caducada. Comprueba que tu tarjeta no exceda la fecha de validez.<br>Puede que se haya alcanzado el l\u00edmite de la tarjeta. Consulta con tu banco que la tarjeta no haya excedido el importe permitido para efectuar compras.<br>Puede que alg\u00fan dato introducido est\u00e9 incorrecto. Comprueba que hayas rellenado correctamente todos los campos necesarios.<br>Puede que no tengas activada la funci\u00f3n de realizar compras por Internet.<\/p>\n\n\n\n<p><strong>\u00bfPUEDO OBTENER UNA FACTURA A NOMBRE DE MI EMPRESA?<\/strong><br>Si necesitas una factura a nombre de tu empresa, env\u00edanos un correo a hola@boutiquefloralec.com solicit\u00e1ndola con tu RUC, Raz\u00f3n social, direcci\u00f3n y tel\u00e9fono y email. Lo ideal es que lo solicites en cuanto hayas realizado el pedido.<\/p>\n\n\n\n<p><strong>\u00bfPUEDO PEDIR TAX-FREE?<\/strong><br>No, no es posible ya que el Tax Free s\u00f3lo se aplica a productos que se compran en una tienda f\u00edsica y que por lo tanto, son transportados por uno mismo.<\/p>\n\n\n\n<p><strong>\u00bfNecesitas ayuda?<\/strong><br>hola@boutiquefloralec.com<\/p>\n\n\n\n<p>+593 980924052 \/WhatsApp<\/p>\n\n\n\n<p>Lunes a S\u00e1bados: 10:00 \u2013 18:00<\/p>\n\n\n\n<p>Domingos: 10:00 \u2013 15:00<\/p>\n\n\n\n<p><\/p>\n","protected":false},"excerpt":{"rendered":"<p>\u00bfQU\u00c9 FORMA DE PAGO PUEDO UTILIZAR PARA REALIZAR MI COMPRA?La tienda online de BOUTIQUE FLORAL dispone del m\u00e9todo de pago Tarjeta de cr\u00e9dito.\u00a0 \u00bfPOR QU\u00c9 RAZONES PUEDE SER RECHAZADA MI TARJETA DE CR\u00c9DITO?Tu tarjeta de cr\u00e9dito puede ser rechazada por una de las siguientes razones: La tarjeta puede estar caducada. Comprueba que tu tarjeta no [&hellip;]<\/p>\n","protected":false},"author":1,"featured_media":0,"parent":0,"menu_order":0,"comment_status":"closed","ping_status":"closed","template":"","meta":{"footnotes":""},"class_list":["post-1521","page","type-page","status-publish","hentry"],"blocksy_meta":[],"yoast_head":"<!-- This site is optimized with the Yoast SEO plugin v27.3 - https:\/\/yoast.com\/product\/yoast-seo-wordpress\/ -->\n<title>PROCESO DE COMPRA - Boutique Floral<\/title>\n<meta name=\"robots\" content=\"index, follow, max-snippet:-1, max-image-preview:large, max-video-preview:-1\" \/>\n<link rel=\"canonical\" href=\"https:\/\/boutiquefloralec.com\/index.php\/proceso-de-compra\/\" \/>\n<meta property=\"og:locale\" content=\"es_ES\" \/>\n<meta property=\"og:type\" content=\"article\" \/>\n<meta property=\"og:title\" content=\"PROCESO DE COMPRA - Boutique Floral\" \/>\n<meta property=\"og:description\" content=\"\u00bfQU\u00c9 FORMA DE PAGO PUEDO UTILIZAR PARA REALIZAR MI COMPRA?La tienda online de BOUTIQUE FLORAL dispone del m\u00e9todo de pago Tarjeta de cr\u00e9dito.\u00a0 \u00bfPOR QU\u00c9 RAZONES PUEDE SER RECHAZADA MI TARJETA DE CR\u00c9DITO?Tu tarjeta de cr\u00e9dito puede ser rechazada por una de las siguientes razones: La tarjeta puede estar caducada. Comprueba que tu tarjeta no [&hellip;]\" \/>\n<meta property=\"og:url\" content=\"https:\/\/boutiquefloralec.com\/index.php\/proceso-de-compra\/\" \/>\n<meta property=\"og:site_name\" content=\"Boutique Floral\" \/>\n<meta property=\"article:publisher\" content=\"https:\/\/www.facebook.com\/boutiquefloralec\/\" \/>\n<meta property=\"article:modified_time\" content=\"2025-09-09T21:55:14+00:00\" \/>\n<meta name=\"twitter:card\" content=\"summary_large_image\" \/>\n<meta name=\"twitter:label1\" content=\"Tiempo de lectura\" \/>\n\t<meta name=\"twitter:data1\" content=\"1 minuto\" \/>\n<script type=\"application\/ld+json\" class=\"yoast-schema-graph\">{\"@context\":\"https:\\\/\\\/schema.org\",\"@graph\":[{\"@type\":\"WebPage\",\"@id\":\"https:\\\/\\\/boutiquefloralec.com\\\/index.php\\\/proceso-de-compra\\\/\",\"url\":\"https:\\\/\\\/boutiquefloralec.com\\\/index.php\\\/proceso-de-compra\\\/\",\"name\":\"PROCESO DE COMPRA - Boutique Floral\",\"isPartOf\":{\"@id\":\"https:\\\/\\\/boutiquefloralec.com\\\/#website\"},\"datePublished\":\"2025-09-09T21:54:50+00:00\",\"dateModified\":\"2025-09-09T21:55:14+00:00\",\"breadcrumb\":{\"@id\":\"https:\\\/\\\/boutiquefloralec.com\\\/index.php\\\/proceso-de-compra\\\/#breadcrumb\"},\"inLanguage\":\"es\",\"potentialAction\":[{\"@type\":\"ReadAction\",\"target\":[\"https:\\\/\\\/boutiquefloralec.com\\\/index.php\\\/proceso-de-compra\\\/\"]}]},{\"@type\":\"BreadcrumbList\",\"@id\":\"https:\\\/\\\/boutiquefloralec.com\\\/index.php\\\/proceso-de-compra\\\/#breadcrumb\",\"itemListElement\":[{\"@type\":\"ListItem\",\"position\":1,\"name\":\"Portada\",\"item\":\"https:\\\/\\\/boutiquefloralec.com\\\/\"},{\"@type\":\"ListItem\",\"position\":2,\"name\":\"PROCESO DE COMPRA\"}]},{\"@type\":\"WebSite\",\"@id\":\"https:\\\/\\\/boutiquefloralec.com\\\/#website\",\"url\":\"https:\\\/\\\/boutiquefloralec.com\\\/\",\"name\":\"Boutique Floral\",\"description\":\"Tienda de Regalos y Joyeria\",\"publisher\":{\"@id\":\"https:\\\/\\\/boutiquefloralec.com\\\/#organization\"},\"potentialAction\":[{\"@type\":\"SearchAction\",\"target\":{\"@type\":\"EntryPoint\",\"urlTemplate\":\"https:\\\/\\\/boutiquefloralec.com\\\/?s={search_term_string}\"},\"query-input\":{\"@type\":\"PropertyValueSpecification\",\"valueRequired\":true,\"valueName\":\"search_term_string\"}}],\"inLanguage\":\"es\"},{\"@type\":\"Organization\",\"@id\":\"https:\\\/\\\/boutiquefloralec.com\\\/#organization\",\"name\":\"Boutique Floral\",\"url\":\"https:\\\/\\\/boutiquefloralec.com\\\/\",\"logo\":{\"@type\":\"ImageObject\",\"inLanguage\":\"es\",\"@id\":\"https:\\\/\\\/boutiquefloralec.com\\\/#\\\/schema\\\/logo\\\/image\\\/\",\"url\":\"http:\\\/\\\/boutiquefloralec.com\\\/wp-content\\\/uploads\\\/2024\\\/10\\\/1.png\",\"contentUrl\":\"http:\\\/\\\/boutiquefloralec.com\\\/wp-content\\\/uploads\\\/2024\\\/10\\\/1.png\",\"width\":2500,\"height\":1800,\"caption\":\"Boutique Floral\"},\"image\":{\"@id\":\"https:\\\/\\\/boutiquefloralec.com\\\/#\\\/schema\\\/logo\\\/image\\\/\"},\"sameAs\":[\"https:\\\/\\\/www.facebook.com\\\/boutiquefloralec\\\/\",\"https:\\\/\\\/www.instagram.com\\\/boutiquefloral.ecu\"]}]}<\/script>\n<!-- \/ Yoast SEO plugin. -->","yoast_head_json":{"title":"PROCESO DE COMPRA - Boutique Floral","robots":{"index":"index","follow":"follow","max-snippet":"max-snippet:-1","max-image-preview":"max-image-preview:large","max-video-preview":"max-video-preview:-1"},"canonical":"https:\/\/boutiquefloralec.com\/index.php\/proceso-de-compra\/","og_locale":"es_ES","og_type":"article","og_title":"PROCESO DE COMPRA - Boutique Floral","og_description":"\u00bfQU\u00c9 FORMA DE PAGO PUEDO UTILIZAR PARA REALIZAR MI COMPRA?La tienda online de BOUTIQUE FLORAL dispone del m\u00e9todo de pago Tarjeta de cr\u00e9dito.\u00a0 \u00bfPOR QU\u00c9 RAZONES PUEDE SER RECHAZADA MI TARJETA DE CR\u00c9DITO?Tu tarjeta de cr\u00e9dito puede ser rechazada por una de las siguientes razones: La tarjeta puede estar caducada. Comprueba que tu tarjeta no [&hellip;]","og_url":"https:\/\/boutiquefloralec.com\/index.php\/proceso-de-compra\/","og_site_name":"Boutique Floral","article_publisher":"https:\/\/www.facebook.com\/boutiquefloralec\/","article_modified_time":"2025-09-09T21:55:14+00:00","twitter_card":"summary_large_image","twitter_misc":{"Tiempo de lectura":"1 minuto"},"schema":{"@context":"https:\/\/schema.org","@graph":[{"@type":"WebPage","@id":"https:\/\/boutiquefloralec.com\/index.php\/proceso-de-compra\/","url":"https:\/\/boutiquefloralec.com\/index.php\/proceso-de-compra\/","name":"PROCESO DE COMPRA - Boutique Floral","isPartOf":{"@id":"https:\/\/boutiquefloralec.com\/#website"},"datePublished":"2025-09-09T21:54:50+00:00","dateModified":"2025-09-09T21:55:14+00:00","breadcrumb":{"@id":"https:\/\/boutiquefloralec.com\/index.php\/proceso-de-compra\/#breadcrumb"},"inLanguage":"es","potentialAction":[{"@type":"ReadAction","target":["https:\/\/boutiquefloralec.com\/index.php\/proceso-de-compra\/"]}]},{"@type":"BreadcrumbList","@id":"https:\/\/boutiquefloralec.com\/index.php\/proceso-de-compra\/#breadcrumb","itemListElement":[{"@type":"ListItem","position":1,"name":"Portada","item":"https:\/\/boutiquefloralec.com\/"},{"@type":"ListItem","position":2,"name":"PROCESO DE COMPRA"}]},{"@type":"WebSite","@id":"https:\/\/boutiquefloralec.com\/#website","url":"https:\/\/boutiquefloralec.com\/","name":"Boutique Floral","description":"Tienda de Regalos y Joyeria","publisher":{"@id":"https:\/\/boutiquefloralec.com\/#organization"},"potentialAction":[{"@type":"SearchAction","target":{"@type":"EntryPoint","urlTemplate":"https:\/\/boutiquefloralec.com\/?s={search_term_string}"},"query-input":{"@type":"PropertyValueSpecification","valueRequired":true,"valueName":"search_term_string"}}],"inLanguage":"es"},{"@type":"Organization","@id":"https:\/\/boutiquefloralec.com\/#organization","name":"Boutique Floral","url":"https:\/\/boutiquefloralec.com\/","logo":{"@type":"ImageObject","inLanguage":"es","@id":"https:\/\/boutiquefloralec.com\/#\/schema\/logo\/image\/","url":"http:\/\/boutiquefloralec.com\/wp-content\/uploads\/2024\/10\/1.png","contentUrl":"http:\/\/boutiquefloralec.com\/wp-content\/uploads\/2024\/10\/1.png","width":2500,"height":1800,"caption":"Boutique Floral"},"image":{"@id":"https:\/\/boutiquefloralec.com\/#\/schema\/logo\/image\/"},"sameAs":["https:\/\/www.facebook.com\/boutiquefloralec\/","https:\/\/www.instagram.com\/boutiquefloral.ecu"]}]}},"jetpack_sharing_enabled":true,"_links":{"self":[{"href":"https:\/\/boutiquefloralec.com\/index.php\/wp-json\/wp\/v2\/pages\/1521","targetHints":{"allow":["GET"]}}],"collection":[{"href":"https:\/\/boutiquefloralec.com\/index.php\/wp-json\/wp\/v2\/pages"}],"about":[{"href":"https:\/\/boutiquefloralec.com\/index.php\/wp-json\/wp\/v2\/types\/page"}],"author":[{"embeddable":true,"href":"https:\/\/boutiquefloralec.com\/index.php\/wp-json\/wp\/v2\/users\/1"}],"replies":[{"embeddable":true,"href":"https:\/\/boutiquefloralec.com\/index.php\/wp-json\/wp\/v2\/comments?post=1521"}],"version-history":[{"count":2,"href":"https:\/\/boutiquefloralec.com\/index.php\/wp-json\/wp\/v2\/pages\/1521\/revisions"}],"predecessor-version":[{"id":1523,"href":"https:\/\/boutiquefloralec.com\/index.php\/wp-json\/wp\/v2\/pages\/1521\/revisions\/1523"}],"wp:attachment":[{"href":"https:\/\/boutiquefloralec.com\/index.php\/wp-json\/wp\/v2\/media?parent=1521"}],"curies":[{"name":"wp","href":"https:\/\/api.w.org\/{rel}","templated":true}]}}