{"id":1264,"date":"2024-10-10T23:31:48","date_gmt":"2024-10-11T04:31:48","guid":{"rendered":"https:\/\/boutiquefloralec.com\/?page_id=1264"},"modified":"2025-09-11T22:12:44","modified_gmt":"2025-09-12T03:12:44","slug":"bouquets-preservados","status":"publish","type":"page","link":"https:\/\/boutiquefloralec.com\/index.php\/bouquets-preservados\/","title":{"rendered":"BOUQUETS PRESERVADOS"},"content":{"rendered":"<div class=\"woocommerce columns-4 \"><ul class=\"products columns-4\" data-products=\"type-1\">\n<li class=\"product type-product post-572 status-publish first instock product_cat-bouquets-preservados has-post-thumbnail taxable shipping-taxable purchasable product-type-variable\">\n\t<a href=\"https:\/\/boutiquefloralec.com\/index.php\/producto\/pecera-duo-b12\/\" class=\"woocommerce-LoopProduct-link woocommerce-loop-product__link\"><img loading=\"lazy\" decoding=\"async\" width=\"300\" height=\"300\" src=\"https:\/\/boutiquefloralec.com\/wp-content\/uploads\/2024\/02\/Pecera-Duo-300x300.jpg\" class=\"attachment-woocommerce_thumbnail size-woocommerce_thumbnail\" alt=\"Pecera Duo B12\" srcset=\"https:\/\/boutiquefloralec.com\/wp-content\/uploads\/2024\/02\/Pecera-Duo-300x300.jpg 300w, https:\/\/boutiquefloralec.com\/wp-content\/uploads\/2024\/02\/Pecera-Duo-150x150.jpg 150w, https:\/\/boutiquefloralec.com\/wp-content\/uploads\/2024\/02\/Pecera-Duo-100x100.jpg 100w\" sizes=\"auto, (max-width: 300px) 100vw, 300px\" \/><h2 class=\"woocommerce-loop-product__title\">Pecera Duo B12<\/h2>\n\t<span class=\"price\"><span class=\"woocommerce-Price-amount amount\"><bdi><span class=\"woocommerce-Price-currencySymbol\">&#36;<\/span>30,00<\/bdi><\/span><\/span>\n<\/a><a href=\"https:\/\/boutiquefloralec.com\/index.php\/producto\/pecera-duo-b12\/\" aria-describedby=\"woocommerce_loop_add_to_cart_link_describedby_572\" data-quantity=\"1\" class=\"button product_type_variable add_to_cart_button\" data-product_id=\"572\" data-product_sku=\"001\" aria-label=\"Elige las opciones para &ldquo;Pecera Duo B12&rdquo;\" rel=\"nofollow\">Seleccionar opciones<\/a>\t<span id=\"woocommerce_loop_add_to_cart_link_describedby_572\" class=\"screen-reader-text\">\n\t\tEste producto tiene m\u00faltiples variantes. Las opciones se pueden elegir en la p\u00e1gina de producto\t<\/span>\n<\/li>\n<li class=\"product type-product post-636 status-publish instock product_cat-bouquets-preservados has-post-thumbnail taxable shipping-taxable purchasable product-type-variable\">\n\t<a href=\"https:\/\/boutiquefloralec.com\/index.php\/producto\/pecera-amelia-b8\/\" class=\"woocommerce-LoopProduct-link woocommerce-loop-product__link\"><img loading=\"lazy\" decoding=\"async\" width=\"300\" height=\"300\" src=\"https:\/\/boutiquefloralec.com\/wp-content\/uploads\/2024\/03\/Rosa-preservada-Amelia-300x300.jpg\" class=\"attachment-woocommerce_thumbnail size-woocommerce_thumbnail\" alt=\"Pecera Amelia B8\" srcset=\"https:\/\/boutiquefloralec.com\/wp-content\/uploads\/2024\/03\/Rosa-preservada-Amelia-300x300.jpg 300w, https:\/\/boutiquefloralec.com\/wp-content\/uploads\/2024\/03\/Rosa-preservada-Amelia-150x150.jpg 150w, https:\/\/boutiquefloralec.com\/wp-content\/uploads\/2024\/03\/Rosa-preservada-Amelia-100x100.jpg 100w\" sizes=\"auto, (max-width: 300px) 100vw, 300px\" \/><h2 class=\"woocommerce-loop-product__title\">Pecera Amelia B8<\/h2>\n\t<span class=\"price\"><span class=\"woocommerce-Price-amount amount\"><bdi><span class=\"woocommerce-Price-currencySymbol\">&#36;<\/span>15,00<\/bdi><\/span><\/span>\n<\/a><a href=\"https:\/\/boutiquefloralec.com\/index.php\/producto\/pecera-amelia-b8\/\" aria-describedby=\"woocommerce_loop_add_to_cart_link_describedby_636\" data-quantity=\"1\" class=\"button product_type_variable add_to_cart_button\" data-product_id=\"636\" data-product_sku=\"002\" aria-label=\"Elige las opciones para &ldquo;Pecera Amelia B8&rdquo;\" rel=\"nofollow\">Seleccionar opciones<\/a>\t<span id=\"woocommerce_loop_add_to_cart_link_describedby_636\" class=\"screen-reader-text\">\n\t\tEste producto tiene m\u00faltiples variantes. Las opciones se pueden elegir en la p\u00e1gina de producto\t<\/span>\n<\/li>\n<li class=\"product type-product post-643 status-publish instock product_cat-bouquets-preservados has-post-thumbnail taxable shipping-taxable purchasable product-type-variable\">\n\t<a href=\"https:\/\/boutiquefloralec.com\/index.php\/producto\/cupula-disney-girasol\/\" class=\"woocommerce-LoopProduct-link woocommerce-loop-product__link\"><img loading=\"lazy\" decoding=\"async\" width=\"300\" height=\"300\" src=\"https:\/\/boutiquefloralec.com\/wp-content\/uploads\/2024\/02\/cupula-de-cristal-girasol-300x300.jpg\" class=\"attachment-woocommerce_thumbnail size-woocommerce_thumbnail\" alt=\"C\u00fapula Disney Girasol\" srcset=\"https:\/\/boutiquefloralec.com\/wp-content\/uploads\/2024\/02\/cupula-de-cristal-girasol-300x300.jpg 300w, https:\/\/boutiquefloralec.com\/wp-content\/uploads\/2024\/02\/cupula-de-cristal-girasol-150x150.jpg 150w, https:\/\/boutiquefloralec.com\/wp-content\/uploads\/2024\/02\/cupula-de-cristal-girasol-600x598.jpg 600w, https:\/\/boutiquefloralec.com\/wp-content\/uploads\/2024\/02\/cupula-de-cristal-girasol-100x100.jpg 100w, https:\/\/boutiquefloralec.com\/wp-content\/uploads\/2024\/02\/cupula-de-cristal-girasol.jpg 750w\" sizes=\"auto, (max-width: 300px) 100vw, 300px\" \/><h2 class=\"woocommerce-loop-product__title\">C\u00fapula Disney Girasol<\/h2>\n\t<span class=\"price\"><span class=\"woocommerce-Price-amount amount\"><bdi><span class=\"woocommerce-Price-currencySymbol\">&#36;<\/span>40,00<\/bdi><\/span><\/span>\n<\/a><a href=\"https:\/\/boutiquefloralec.com\/index.php\/producto\/cupula-disney-girasol\/\" aria-describedby=\"woocommerce_loop_add_to_cart_link_describedby_643\" data-quantity=\"1\" class=\"button product_type_variable add_to_cart_button\" data-product_id=\"643\" data-product_sku=\"003\" aria-label=\"Elige las opciones para &ldquo;C\u00fapula Disney Girasol&rdquo;\" rel=\"nofollow\">Seleccionar opciones<\/a>\t<span id=\"woocommerce_loop_add_to_cart_link_describedby_643\" class=\"screen-reader-text\">\n\t\tEste producto tiene m\u00faltiples variantes. Las opciones se pueden elegir en la p\u00e1gina de producto\t<\/span>\n<\/li>\n<li class=\"product type-product post-646 status-publish last instock product_cat-bouquets-preservados has-post-thumbnail taxable shipping-taxable purchasable product-type-variable\">\n\t<a href=\"https:\/\/boutiquefloralec.com\/index.php\/producto\/cupula-disney-rosa\/\" class=\"woocommerce-LoopProduct-link woocommerce-loop-product__link\"><img loading=\"lazy\" decoding=\"async\" width=\"300\" height=\"300\" src=\"https:\/\/boutiquefloralec.com\/wp-content\/uploads\/2024\/02\/Cupula-Disney-300x300.jpg\" class=\"attachment-woocommerce_thumbnail size-woocommerce_thumbnail\" alt=\"C\u00fapula Disney Rosa\" srcset=\"https:\/\/boutiquefloralec.com\/wp-content\/uploads\/2024\/02\/Cupula-Disney-300x300.jpg 300w, https:\/\/boutiquefloralec.com\/wp-content\/uploads\/2024\/02\/Cupula-Disney-1024x1024.jpg 1024w, https:\/\/boutiquefloralec.com\/wp-content\/uploads\/2024\/02\/Cupula-Disney-150x150.jpg 150w, https:\/\/boutiquefloralec.com\/wp-content\/uploads\/2024\/02\/Cupula-Disney-768x768.jpg 768w, https:\/\/boutiquefloralec.com\/wp-content\/uploads\/2024\/02\/Cupula-Disney-1536x1536.jpg 1536w, https:\/\/boutiquefloralec.com\/wp-content\/uploads\/2024\/02\/Cupula-Disney-2048x2048.jpg 2048w, https:\/\/boutiquefloralec.com\/wp-content\/uploads\/2024\/02\/Cupula-Disney-600x600.jpg 600w, https:\/\/boutiquefloralec.com\/wp-content\/uploads\/2024\/02\/Cupula-Disney-100x100.jpg 100w\" sizes=\"auto, (max-width: 300px) 100vw, 300px\" \/><h2 class=\"woocommerce-loop-product__title\">C\u00fapula Disney Rosa<\/h2>\n\t<span class=\"price\"><span class=\"woocommerce-Price-amount amount\"><bdi><span class=\"woocommerce-Price-currencySymbol\">&#36;<\/span>28,00<\/bdi><\/span><\/span>\n<\/a><a href=\"https:\/\/boutiquefloralec.com\/index.php\/producto\/cupula-disney-rosa\/\" aria-describedby=\"woocommerce_loop_add_to_cart_link_describedby_646\" data-quantity=\"1\" class=\"button product_type_variable add_to_cart_button\" data-product_id=\"646\" data-product_sku=\"004\" aria-label=\"Elige las opciones para &ldquo;C\u00fapula Disney Rosa&rdquo;\" rel=\"nofollow\">Seleccionar opciones<\/a>\t<span id=\"woocommerce_loop_add_to_cart_link_describedby_646\" class=\"screen-reader-text\">\n\t\tEste producto tiene m\u00faltiples variantes. Las opciones se pueden elegir en la p\u00e1gina de producto\t<\/span>\n<\/li>\n<li class=\"product type-product post-649 status-publish first instock product_cat-bouquets-preservados has-post-thumbnail featured taxable shipping-taxable purchasable product-type-variable\">\n\t<a href=\"https:\/\/boutiquefloralec.com\/index.php\/producto\/cupula-rosa-heart\/\" class=\"woocommerce-LoopProduct-link woocommerce-loop-product__link\"><img loading=\"lazy\" decoding=\"async\" width=\"300\" height=\"300\" src=\"https:\/\/boutiquefloralec.com\/wp-content\/uploads\/2024\/03\/Cupula-Heart-2-300x300.jpg\" class=\"attachment-woocommerce_thumbnail size-woocommerce_thumbnail\" alt=\"C\u00fapula Rosa Heart\" srcset=\"https:\/\/boutiquefloralec.com\/wp-content\/uploads\/2024\/03\/Cupula-Heart-2-300x300.jpg 300w, https:\/\/boutiquefloralec.com\/wp-content\/uploads\/2024\/03\/Cupula-Heart-2-150x150.jpg 150w, https:\/\/boutiquefloralec.com\/wp-content\/uploads\/2024\/03\/Cupula-Heart-2-100x100.jpg 100w\" sizes=\"auto, (max-width: 300px) 100vw, 300px\" \/><h2 class=\"woocommerce-loop-product__title\">C\u00fapula Rosa Heart<\/h2>\n\t<span class=\"price\"><span class=\"woocommerce-Price-amount amount\"><bdi><span class=\"woocommerce-Price-currencySymbol\">&#36;<\/span>80,00<\/bdi><\/span><\/span>\n<\/a><a href=\"https:\/\/boutiquefloralec.com\/index.php\/producto\/cupula-rosa-heart\/\" aria-describedby=\"woocommerce_loop_add_to_cart_link_describedby_649\" data-quantity=\"1\" class=\"button product_type_variable add_to_cart_button\" data-product_id=\"649\" data-product_sku=\"005\" aria-label=\"Elige las opciones para &ldquo;C\u00fapula Rosa Heart&rdquo;\" rel=\"nofollow\">Seleccionar opciones<\/a>\t<span id=\"woocommerce_loop_add_to_cart_link_describedby_649\" class=\"screen-reader-text\">\n\t\tEste producto tiene m\u00faltiples variantes. Las opciones se pueden elegir en la p\u00e1gina de producto\t<\/span>\n<\/li>\n<li class=\"product type-product post-657 status-publish instock product_cat-bouquets-preservados has-post-thumbnail taxable shipping-taxable purchasable product-type-variable\">\n\t<a href=\"https:\/\/boutiquefloralec.com\/index.php\/producto\/caja-de-rosas-ocasiones-especiales\/\" class=\"woocommerce-LoopProduct-link woocommerce-loop-product__link\"><img loading=\"lazy\" decoding=\"async\" width=\"300\" height=\"300\" src=\"https:\/\/boutiquefloralec.com\/wp-content\/uploads\/2024\/03\/image_67218689-300x300.jpg\" class=\"attachment-woocommerce_thumbnail size-woocommerce_thumbnail\" alt=\"Caja de Rosas Ocasiones Especiales\" srcset=\"https:\/\/boutiquefloralec.com\/wp-content\/uploads\/2024\/03\/image_67218689-300x300.jpg 300w, https:\/\/boutiquefloralec.com\/wp-content\/uploads\/2024\/03\/image_67218689-150x150.jpg 150w, https:\/\/boutiquefloralec.com\/wp-content\/uploads\/2024\/03\/image_67218689-100x100.jpg 100w\" sizes=\"auto, (max-width: 300px) 100vw, 300px\" \/><h2 class=\"woocommerce-loop-product__title\">Caja de Rosas Ocasiones Especiales<\/h2>\n\t<span class=\"price\"><span class=\"woocommerce-Price-amount amount\"><bdi><span class=\"woocommerce-Price-currencySymbol\">&#36;<\/span>60,00<\/bdi><\/span><\/span>\n<\/a><a href=\"https:\/\/boutiquefloralec.com\/index.php\/producto\/caja-de-rosas-ocasiones-especiales\/\" aria-describedby=\"woocommerce_loop_add_to_cart_link_describedby_657\" data-quantity=\"1\" class=\"button product_type_variable add_to_cart_button\" data-product_id=\"657\" data-product_sku=\"006\" aria-label=\"Elige las opciones para &ldquo;Caja de Rosas Ocasiones Especiales&rdquo;\" rel=\"nofollow\">Seleccionar opciones<\/a>\t<span id=\"woocommerce_loop_add_to_cart_link_describedby_657\" class=\"screen-reader-text\">\n\t\tEste producto tiene m\u00faltiples variantes. Las opciones se pueden elegir en la p\u00e1gina de producto\t<\/span>\n<\/li>\n<li class=\"product type-product post-662 status-publish instock product_cat-bouquets-preservados has-post-thumbnail shipping-taxable purchasable product-type-variable\">\n\t<a href=\"https:\/\/boutiquefloralec.com\/index.php\/producto\/jardin-de-rosas-cilindrico\/\" class=\"woocommerce-LoopProduct-link woocommerce-loop-product__link\"><img loading=\"lazy\" decoding=\"async\" width=\"300\" height=\"300\" src=\"https:\/\/boutiquefloralec.com\/wp-content\/uploads\/2024\/03\/Jardin-de-rosas-cilindrico-300x300.jpg\" class=\"attachment-woocommerce_thumbnail size-woocommerce_thumbnail\" alt=\"Jard\u00edn de Rosas Cil\u00edndrico\" srcset=\"https:\/\/boutiquefloralec.com\/wp-content\/uploads\/2024\/03\/Jardin-de-rosas-cilindrico-300x300.jpg 300w, https:\/\/boutiquefloralec.com\/wp-content\/uploads\/2024\/03\/Jardin-de-rosas-cilindrico-150x150.jpg 150w, https:\/\/boutiquefloralec.com\/wp-content\/uploads\/2024\/03\/Jardin-de-rosas-cilindrico-100x100.jpg 100w\" sizes=\"auto, (max-width: 300px) 100vw, 300px\" \/><h2 class=\"woocommerce-loop-product__title\">Jard\u00edn de Rosas Cil\u00edndrico<\/h2>\n\t<span class=\"price\"><span class=\"woocommerce-Price-amount amount\"><bdi><span class=\"woocommerce-Price-currencySymbol\">&#36;<\/span>110,00<\/bdi><\/span><\/span>\n<\/a><a href=\"https:\/\/boutiquefloralec.com\/index.php\/producto\/jardin-de-rosas-cilindrico\/\" aria-describedby=\"woocommerce_loop_add_to_cart_link_describedby_662\" data-quantity=\"1\" class=\"button product_type_variable add_to_cart_button\" data-product_id=\"662\" data-product_sku=\"007\" aria-label=\"Elige las opciones para &ldquo;Jard\u00edn de Rosas Cil\u00edndrico&rdquo;\" rel=\"nofollow\">Seleccionar opciones<\/a>\t<span id=\"woocommerce_loop_add_to_cart_link_describedby_662\" class=\"screen-reader-text\">\n\t\tEste producto tiene m\u00faltiples variantes. Las opciones se pueden elegir en la p\u00e1gina de producto\t<\/span>\n<\/li>\n<li class=\"product type-product post-671 status-publish last instock product_cat-bonsai has-post-thumbnail featured taxable shipping-taxable purchasable product-type-simple\">\n\t<a href=\"https:\/\/boutiquefloralec.com\/index.php\/producto\/bonsai-guayacan\/\" class=\"woocommerce-LoopProduct-link woocommerce-loop-product__link\"><img loading=\"lazy\" decoding=\"async\" width=\"300\" height=\"300\" src=\"https:\/\/boutiquefloralec.com\/wp-content\/uploads\/2024\/03\/Bonsai-Guayacan-300x300.jpg\" class=\"attachment-woocommerce_thumbnail size-woocommerce_thumbnail\" alt=\"Bons\u00e1i Guayac\u00e1n\" srcset=\"https:\/\/boutiquefloralec.com\/wp-content\/uploads\/2024\/03\/Bonsai-Guayacan-300x300.jpg 300w, https:\/\/boutiquefloralec.com\/wp-content\/uploads\/2024\/03\/Bonsai-Guayacan-150x150.jpg 150w, https:\/\/boutiquefloralec.com\/wp-content\/uploads\/2024\/03\/Bonsai-Guayacan-100x100.jpg 100w\" sizes=\"auto, (max-width: 300px) 100vw, 300px\" \/><h2 class=\"woocommerce-loop-product__title\">Bons\u00e1i Guayac\u00e1n<\/h2>\n\t<span class=\"price\"><span class=\"woocommerce-Price-amount amount\"><bdi><span class=\"woocommerce-Price-currencySymbol\">&#36;<\/span>60,00<\/bdi><\/span><\/span>\n<\/a><a href=\"\/index.php\/wp-json\/wp\/v2\/pages\/1264?add-to-cart=671\" aria-describedby=\"woocommerce_loop_add_to_cart_link_describedby_671\" data-quantity=\"1\" class=\"button product_type_simple add_to_cart_button ajax_add_to_cart\" data-product_id=\"671\" data-product_sku=\"0008\" aria-label=\"A\u00f1adir al carrito: &ldquo;Bons\u00e1i Guayac\u00e1n&rdquo;\" rel=\"nofollow\" data-success_message=\"\u00abBons\u00e1i Guayac\u00e1n\u00bb se ha a\u00f1adido a tu carrito\" role=\"button\">A\u00f1adir al carrito<\/a>\t<span id=\"woocommerce_loop_add_to_cart_link_describedby_671\" class=\"screen-reader-text\">\n\t\t\t<\/span>\n<\/li>\n<\/ul>\n<\/div>\n\n\n\n<p><\/p>\n","protected":false},"excerpt":{"rendered":"","protected":false},"author":1,"featured_media":0,"parent":0,"menu_order":0,"comment_status":"closed","ping_status":"closed","template":"","meta":{"footnotes":""},"class_list":["post-1264","page","type-page","status-publish","hentry"],"blocksy_meta":[],"yoast_head":"<!-- This site is optimized with the Yoast SEO plugin v27.3 - https:\/\/yoast.com\/product\/yoast-seo-wordpress\/ -->\n<title>BOUQUETS PRESERVADOS - Boutique Floral<\/title>\n<meta name=\"robots\" content=\"index, follow, max-snippet:-1, max-image-preview:large, max-video-preview:-1\" \/>\n<link rel=\"canonical\" href=\"https:\/\/boutiquefloralec.com\/index.php\/bouquets-preservados\/\" \/>\n<meta property=\"og:locale\" content=\"es_ES\" \/>\n<meta property=\"og:type\" content=\"article\" \/>\n<meta property=\"og:title\" content=\"BOUQUETS PRESERVADOS - Boutique Floral\" \/>\n<meta property=\"og:url\" content=\"https:\/\/boutiquefloralec.com\/index.php\/bouquets-preservados\/\" \/>\n<meta property=\"og:site_name\" content=\"Boutique Floral\" \/>\n<meta property=\"article:publisher\" content=\"https:\/\/www.facebook.com\/boutiquefloralec\/\" \/>\n<meta property=\"article:modified_time\" content=\"2025-09-12T03:12:44+00:00\" \/>\n<meta name=\"twitter:card\" content=\"summary_large_image\" \/>\n<script type=\"application\/ld+json\" class=\"yoast-schema-graph\">{\"@context\":\"https:\\\/\\\/schema.org\",\"@graph\":[{\"@type\":\"WebPage\",\"@id\":\"https:\\\/\\\/boutiquefloralec.com\\\/index.php\\\/bouquets-preservados\\\/\",\"url\":\"https:\\\/\\\/boutiquefloralec.com\\\/index.php\\\/bouquets-preservados\\\/\",\"name\":\"BOUQUETS PRESERVADOS - Boutique Floral\",\"isPartOf\":{\"@id\":\"https:\\\/\\\/boutiquefloralec.com\\\/#website\"},\"datePublished\":\"2024-10-11T04:31:48+00:00\",\"dateModified\":\"2025-09-12T03:12:44+00:00\",\"breadcrumb\":{\"@id\":\"https:\\\/\\\/boutiquefloralec.com\\\/index.php\\\/bouquets-preservados\\\/#breadcrumb\"},\"inLanguage\":\"es\",\"potentialAction\":[{\"@type\":\"ReadAction\",\"target\":[\"https:\\\/\\\/boutiquefloralec.com\\\/index.php\\\/bouquets-preservados\\\/\"]}]},{\"@type\":\"BreadcrumbList\",\"@id\":\"https:\\\/\\\/boutiquefloralec.com\\\/index.php\\\/bouquets-preservados\\\/#breadcrumb\",\"itemListElement\":[{\"@type\":\"ListItem\",\"position\":1,\"name\":\"Portada\",\"item\":\"https:\\\/\\\/boutiquefloralec.com\\\/\"},{\"@type\":\"ListItem\",\"position\":2,\"name\":\"BOUQUETS PRESERVADOS\"}]},{\"@type\":\"WebSite\",\"@id\":\"https:\\\/\\\/boutiquefloralec.com\\\/#website\",\"url\":\"https:\\\/\\\/boutiquefloralec.com\\\/\",\"name\":\"Boutique Floral\",\"description\":\"Tienda de Regalos y Joyeria\",\"publisher\":{\"@id\":\"https:\\\/\\\/boutiquefloralec.com\\\/#organization\"},\"potentialAction\":[{\"@type\":\"SearchAction\",\"target\":{\"@type\":\"EntryPoint\",\"urlTemplate\":\"https:\\\/\\\/boutiquefloralec.com\\\/?s={search_term_string}\"},\"query-input\":{\"@type\":\"PropertyValueSpecification\",\"valueRequired\":true,\"valueName\":\"search_term_string\"}}],\"inLanguage\":\"es\"},{\"@type\":\"Organization\",\"@id\":\"https:\\\/\\\/boutiquefloralec.com\\\/#organization\",\"name\":\"Boutique Floral\",\"url\":\"https:\\\/\\\/boutiquefloralec.com\\\/\",\"logo\":{\"@type\":\"ImageObject\",\"inLanguage\":\"es\",\"@id\":\"https:\\\/\\\/boutiquefloralec.com\\\/#\\\/schema\\\/logo\\\/image\\\/\",\"url\":\"http:\\\/\\\/boutiquefloralec.com\\\/wp-content\\\/uploads\\\/2024\\\/10\\\/1.png\",\"contentUrl\":\"http:\\\/\\\/boutiquefloralec.com\\\/wp-content\\\/uploads\\\/2024\\\/10\\\/1.png\",\"width\":2500,\"height\":1800,\"caption\":\"Boutique Floral\"},\"image\":{\"@id\":\"https:\\\/\\\/boutiquefloralec.com\\\/#\\\/schema\\\/logo\\\/image\\\/\"},\"sameAs\":[\"https:\\\/\\\/www.facebook.com\\\/boutiquefloralec\\\/\",\"https:\\\/\\\/www.instagram.com\\\/boutiquefloral.ecu\"]}]}<\/script>\n<!-- \/ Yoast SEO plugin. -->","yoast_head_json":{"title":"BOUQUETS PRESERVADOS - Boutique Floral","robots":{"index":"index","follow":"follow","max-snippet":"max-snippet:-1","max-image-preview":"max-image-preview:large","max-video-preview":"max-video-preview:-1"},"canonical":"https:\/\/boutiquefloralec.com\/index.php\/bouquets-preservados\/","og_locale":"es_ES","og_type":"article","og_title":"BOUQUETS PRESERVADOS - Boutique Floral","og_url":"https:\/\/boutiquefloralec.com\/index.php\/bouquets-preservados\/","og_site_name":"Boutique Floral","article_publisher":"https:\/\/www.facebook.com\/boutiquefloralec\/","article_modified_time":"2025-09-12T03:12:44+00:00","twitter_card":"summary_large_image","schema":{"@context":"https:\/\/schema.org","@graph":[{"@type":"WebPage","@id":"https:\/\/boutiquefloralec.com\/index.php\/bouquets-preservados\/","url":"https:\/\/boutiquefloralec.com\/index.php\/bouquets-preservados\/","name":"BOUQUETS PRESERVADOS - Boutique Floral","isPartOf":{"@id":"https:\/\/boutiquefloralec.com\/#website"},"datePublished":"2024-10-11T04:31:48+00:00","dateModified":"2025-09-12T03:12:44+00:00","breadcrumb":{"@id":"https:\/\/boutiquefloralec.com\/index.php\/bouquets-preservados\/#breadcrumb"},"inLanguage":"es","potentialAction":[{"@type":"ReadAction","target":["https:\/\/boutiquefloralec.com\/index.php\/bouquets-preservados\/"]}]},{"@type":"BreadcrumbList","@id":"https:\/\/boutiquefloralec.com\/index.php\/bouquets-preservados\/#breadcrumb","itemListElement":[{"@type":"ListItem","position":1,"name":"Portada","item":"https:\/\/boutiquefloralec.com\/"},{"@type":"ListItem","position":2,"name":"BOUQUETS PRESERVADOS"}]},{"@type":"WebSite","@id":"https:\/\/boutiquefloralec.com\/#website","url":"https:\/\/boutiquefloralec.com\/","name":"Boutique Floral","description":"Tienda de Regalos y Joyeria","publisher":{"@id":"https:\/\/boutiquefloralec.com\/#organization"},"potentialAction":[{"@type":"SearchAction","target":{"@type":"EntryPoint","urlTemplate":"https:\/\/boutiquefloralec.com\/?s={search_term_string}"},"query-input":{"@type":"PropertyValueSpecification","valueRequired":true,"valueName":"search_term_string"}}],"inLanguage":"es"},{"@type":"Organization","@id":"https:\/\/boutiquefloralec.com\/#organization","name":"Boutique Floral","url":"https:\/\/boutiquefloralec.com\/","logo":{"@type":"ImageObject","inLanguage":"es","@id":"https:\/\/boutiquefloralec.com\/#\/schema\/logo\/image\/","url":"http:\/\/boutiquefloralec.com\/wp-content\/uploads\/2024\/10\/1.png","contentUrl":"http:\/\/boutiquefloralec.com\/wp-content\/uploads\/2024\/10\/1.png","width":2500,"height":1800,"caption":"Boutique Floral"},"image":{"@id":"https:\/\/boutiquefloralec.com\/#\/schema\/logo\/image\/"},"sameAs":["https:\/\/www.facebook.com\/boutiquefloralec\/","https:\/\/www.instagram.com\/boutiquefloral.ecu"]}]}},"jetpack_sharing_enabled":true,"_links":{"self":[{"href":"https:\/\/boutiquefloralec.com\/index.php\/wp-json\/wp\/v2\/pages\/1264","targetHints":{"allow":["GET"]}}],"collection":[{"href":"https:\/\/boutiquefloralec.com\/index.php\/wp-json\/wp\/v2\/pages"}],"about":[{"href":"https:\/\/boutiquefloralec.com\/index.php\/wp-json\/wp\/v2\/types\/page"}],"author":[{"embeddable":true,"href":"https:\/\/boutiquefloralec.com\/index.php\/wp-json\/wp\/v2\/users\/1"}],"replies":[{"embeddable":true,"href":"https:\/\/boutiquefloralec.com\/index.php\/wp-json\/wp\/v2\/comments?post=1264"}],"version-history":[{"count":12,"href":"https:\/\/boutiquefloralec.com\/index.php\/wp-json\/wp\/v2\/pages\/1264\/revisions"}],"predecessor-version":[{"id":1672,"href":"https:\/\/boutiquefloralec.com\/index.php\/wp-json\/wp\/v2\/pages\/1264\/revisions\/1672"}],"wp:attachment":[{"href":"https:\/\/boutiquefloralec.com\/index.php\/wp-json\/wp\/v2\/media?parent=1264"}],"curies":[{"name":"wp","href":"https:\/\/api.w.org\/{rel}","templated":true}]}}