{"id":1260,"date":"2024-10-10T23:31:48","date_gmt":"2024-10-11T04:31:48","guid":{"rendered":"https:\/\/boutiquefloralec.com\/?page_id=1260"},"modified":"2025-09-10T21:42:10","modified_gmt":"2025-09-11T02:42:10","slug":"nosotros","status":"publish","type":"page","link":"https:\/\/boutiquefloralec.com\/index.php\/nosotros\/","title":{"rendered":"NOSOTROS"},"content":{"rendered":"\n<div class=\"wp-block-stackable-columns stk-block-columns stk-block stk-f6c14af\" data-block-id=\"f6c14af\"><style>.stk-f6c14af {margin-bottom:1px !important;}<\/style><div class=\"stk-row stk-inner-blocks stk-block-content stk-content-align stk-f6c14af-column\">\n<div class=\"wp-block-stackable-column stk-block-column stk-column stk-block stk-b8cc71e\" data-v=\"4\" data-block-id=\"b8cc71e\"><div class=\"stk-column-wrapper stk-block-column__content stk-container stk-b8cc71e-container stk--no-background stk--no-padding\"><div class=\"stk-block-content stk-inner-blocks stk-b8cc71e-inner-blocks\">\n<div class=\"wp-block-stackable-feature stk-block-feature stk-block stk-43c02cc is-style-default\" data-v=\"2\" data-block-id=\"43c02cc\"><style>.stk-43c02cc {--stk-feature-flex-wrap:nowrap !important;}<\/style><div class=\"stk-content-align stk-43c02cc-column stk-container stk-43c02cc-container stk--no-background stk--no-padding\"><div class=\"stk-inner-blocks stk-block-content stk-row\">\n<div class=\"wp-block-stackable-column stk-block-column stk-column stk-block stk-54cc475\" data-v=\"4\" data-block-id=\"54cc475\"><style>.stk-54cc475 {align-self:center !important;}<\/style><div class=\"stk-column-wrapper stk-block-column__content stk-container stk-54cc475-container stk--no-background stk--no-padding\"><div class=\"stk-block-content stk-inner-blocks stk-54cc475-inner-blocks\">\n<div class=\"wp-block-stackable-text stk-block-text stk-block stk-e6c601f\" data-block-id=\"e6c601f\"><p class=\"stk-block-text__text has-text-align-left\">En nuestro sitio web encontraras dos secciones la primera dedicada a los bouquets florales, puedes entrar y explorar los dise\u00f1os preservados en cada producto esta la descripci\u00f3n y m\u00e9todo de compra .<\/p><\/div>\n\n\n\n<p>La segunda secci\u00f3n esta dedicada a los complementos con los que puedes acompa\u00f1ar tu arreglo floral o simplemente adquirirlos por separado . Encuentras joyer\u00eda fina de marcas reconocidas y originales, garantizadas con su certificado y paqueter\u00eda oficial, en materiales de oro y plata esterlina 925, perfumer\u00eda y accesorios.<\/p>\n\n\n\n<p>No estamos afiliados a ninguna de las marcas que comercializamos, todos los derechos de autor pertenecen a sus respectivos propietarios .Nuestra reventa es totalmente independiente y legal. El stock es limitado ya que los adquirimos en tiendas oficiales mediante viajes y paqueter\u00eda desde Europa y Estados Unidos. Llevamos 6 a\u00f1os trabajando con encargos bajo pedido en donde puede solicitar tus piezas o accesorios favoritos con un previo abono generalmente el tiempo de entrega mediante este m\u00e9todo es de 25 a 30 d\u00edas .Los productos expuestos en esta pagina est\u00e1n disponibles para entrega inmediata.<\/p>\n\n\n\n<p>Los env\u00edos de tus pedidos se realizan a Nivel Nacional en Ecuador por Servientrega a Domicilio.<\/p>\n\n\n\n<p>Si necesitas m\u00e1s informaci\u00f3n o asesoramiento en la secci\u00f3n de <strong>Contacto<\/strong> puedes escribirnos y estaremos atentos para ayudarte.<\/p>\n\n\n\n<p>\u00a1\u00a1\u00a1\u00a1\u2026Bienvenid@s..!!!<\/p>\n<\/div><\/div><\/div>\n\n\n\n<div class=\"wp-block-stackable-column stk-block-column stk-column stk-block stk-44ddfe1\" data-v=\"4\" data-block-id=\"44ddfe1\"><style>.stk-44ddfe1 {align-self:center !important;}<\/style><div class=\"stk-column-wrapper stk-block-column__content stk-container stk-44ddfe1-container stk--no-background stk--no-padding\"><div class=\"stk-block-content stk-inner-blocks stk-44ddfe1-inner-blocks\">\n<div class=\"wp-block-stackable-image stk-block-image stk-block stk-337e190\" data-block-id=\"337e190\"><figure><span class=\"stk-img-wrapper stk-image--shape-stretch\"><img loading=\"lazy\" decoding=\"async\" class=\"stk-img wp-image-1412\" src=\"http:\/\/boutiquefloralec.com\/wp-content\/uploads\/2025\/08\/Portada-complementos.png\" width=\"2500\" height=\"1800\" srcset=\"https:\/\/boutiquefloralec.com\/wp-content\/uploads\/2025\/08\/Portada-complementos.png 2500w, https:\/\/boutiquefloralec.com\/wp-content\/uploads\/2025\/08\/Portada-complementos-300x216.png 300w, https:\/\/boutiquefloralec.com\/wp-content\/uploads\/2025\/08\/Portada-complementos-1024x737.png 1024w, https:\/\/boutiquefloralec.com\/wp-content\/uploads\/2025\/08\/Portada-complementos-768x553.png 768w, https:\/\/boutiquefloralec.com\/wp-content\/uploads\/2025\/08\/Portada-complementos-1536x1106.png 1536w, https:\/\/boutiquefloralec.com\/wp-content\/uploads\/2025\/08\/Portada-complementos-2048x1475.png 2048w, https:\/\/boutiquefloralec.com\/wp-content\/uploads\/2025\/08\/Portada-complementos-1320x950.png 1320w, https:\/\/boutiquefloralec.com\/wp-content\/uploads\/2025\/08\/Portada-complementos-600x432.png 600w\" sizes=\"auto, (max-width: 2500px) 100vw, 2500px\" \/><\/span><\/figure><\/div>\n<\/div><\/div><\/div>\n<\/div><\/div><\/div>\n<\/div><\/div><\/div>\n<\/div><\/div>\n\n\n\n<p><\/p>\n","protected":false},"excerpt":{"rendered":"<p>En nuestro sitio web encontraras dos secciones la primera dedicada a los bouquets florales, puedes entrar y explorar los dise\u00f1os preservados en cada producto esta la descripci\u00f3n y m\u00e9todo de compra . La segunda secci\u00f3n esta dedicada a los complementos con los que puedes acompa\u00f1ar tu arreglo floral o simplemente adquirirlos por separado . Encuentras [&hellip;]<\/p>\n","protected":false},"author":1,"featured_media":0,"parent":0,"menu_order":0,"comment_status":"closed","ping_status":"closed","template":"","meta":{"footnotes":""},"class_list":["post-1260","page","type-page","status-publish","hentry"],"blocksy_meta":[],"yoast_head":"<!-- This site is optimized with the Yoast SEO plugin v27.3 - https:\/\/yoast.com\/product\/yoast-seo-wordpress\/ -->\n<title>NOSOTROS - Boutique Floral<\/title>\n<meta name=\"robots\" content=\"index, follow, max-snippet:-1, max-image-preview:large, max-video-preview:-1\" \/>\n<link rel=\"canonical\" href=\"https:\/\/boutiquefloralec.com\/index.php\/nosotros\/\" \/>\n<meta property=\"og:locale\" content=\"es_ES\" \/>\n<meta property=\"og:type\" content=\"article\" \/>\n<meta property=\"og:title\" content=\"NOSOTROS - Boutique Floral\" \/>\n<meta property=\"og:description\" content=\"En nuestro sitio web encontraras dos secciones la primera dedicada a los bouquets florales, puedes entrar y explorar los dise\u00f1os preservados en cada producto esta la descripci\u00f3n y m\u00e9todo de compra . La segunda secci\u00f3n esta dedicada a los complementos con los que puedes acompa\u00f1ar tu arreglo floral o simplemente adquirirlos por separado . Encuentras [&hellip;]\" \/>\n<meta property=\"og:url\" content=\"https:\/\/boutiquefloralec.com\/index.php\/nosotros\/\" \/>\n<meta property=\"og:site_name\" content=\"Boutique Floral\" \/>\n<meta property=\"article:publisher\" content=\"https:\/\/www.facebook.com\/boutiquefloralec\/\" \/>\n<meta property=\"article:modified_time\" content=\"2025-09-11T02:42:10+00:00\" \/>\n<meta property=\"og:image\" content=\"https:\/\/boutiquefloralec.com\/wp-content\/uploads\/2025\/08\/Portada-complementos-1024x737.png\" \/>\n\t<meta property=\"og:image:width\" content=\"1024\" \/>\n\t<meta property=\"og:image:height\" content=\"737\" \/>\n\t<meta property=\"og:image:type\" content=\"image\/png\" \/>\n<meta name=\"twitter:card\" content=\"summary_large_image\" \/>\n<meta name=\"twitter:label1\" content=\"Tiempo de lectura\" \/>\n\t<meta name=\"twitter:data1\" content=\"1 minuto\" \/>\n<script type=\"application\/ld+json\" class=\"yoast-schema-graph\">{\"@context\":\"https:\\\/\\\/schema.org\",\"@graph\":[{\"@type\":\"WebPage\",\"@id\":\"https:\\\/\\\/boutiquefloralec.com\\\/index.php\\\/nosotros\\\/\",\"url\":\"https:\\\/\\\/boutiquefloralec.com\\\/index.php\\\/nosotros\\\/\",\"name\":\"NOSOTROS - Boutique Floral\",\"isPartOf\":{\"@id\":\"https:\\\/\\\/boutiquefloralec.com\\\/#website\"},\"primaryImageOfPage\":{\"@id\":\"https:\\\/\\\/boutiquefloralec.com\\\/index.php\\\/nosotros\\\/#primaryimage\"},\"image\":{\"@id\":\"https:\\\/\\\/boutiquefloralec.com\\\/index.php\\\/nosotros\\\/#primaryimage\"},\"thumbnailUrl\":\"http:\\\/\\\/boutiquefloralec.com\\\/wp-content\\\/uploads\\\/2025\\\/08\\\/Portada-complementos.png\",\"datePublished\":\"2024-10-11T04:31:48+00:00\",\"dateModified\":\"2025-09-11T02:42:10+00:00\",\"breadcrumb\":{\"@id\":\"https:\\\/\\\/boutiquefloralec.com\\\/index.php\\\/nosotros\\\/#breadcrumb\"},\"inLanguage\":\"es\",\"potentialAction\":[{\"@type\":\"ReadAction\",\"target\":[\"https:\\\/\\\/boutiquefloralec.com\\\/index.php\\\/nosotros\\\/\"]}]},{\"@type\":\"ImageObject\",\"inLanguage\":\"es\",\"@id\":\"https:\\\/\\\/boutiquefloralec.com\\\/index.php\\\/nosotros\\\/#primaryimage\",\"url\":\"https:\\\/\\\/boutiquefloralec.com\\\/wp-content\\\/uploads\\\/2025\\\/08\\\/Portada-complementos.png\",\"contentUrl\":\"https:\\\/\\\/boutiquefloralec.com\\\/wp-content\\\/uploads\\\/2025\\\/08\\\/Portada-complementos.png\",\"width\":2500,\"height\":1800},{\"@type\":\"BreadcrumbList\",\"@id\":\"https:\\\/\\\/boutiquefloralec.com\\\/index.php\\\/nosotros\\\/#breadcrumb\",\"itemListElement\":[{\"@type\":\"ListItem\",\"position\":1,\"name\":\"Portada\",\"item\":\"https:\\\/\\\/boutiquefloralec.com\\\/\"},{\"@type\":\"ListItem\",\"position\":2,\"name\":\"NOSOTROS\"}]},{\"@type\":\"WebSite\",\"@id\":\"https:\\\/\\\/boutiquefloralec.com\\\/#website\",\"url\":\"https:\\\/\\\/boutiquefloralec.com\\\/\",\"name\":\"Boutique Floral\",\"description\":\"Tienda de Regalos y Joyeria\",\"publisher\":{\"@id\":\"https:\\\/\\\/boutiquefloralec.com\\\/#organization\"},\"potentialAction\":[{\"@type\":\"SearchAction\",\"target\":{\"@type\":\"EntryPoint\",\"urlTemplate\":\"https:\\\/\\\/boutiquefloralec.com\\\/?s={search_term_string}\"},\"query-input\":{\"@type\":\"PropertyValueSpecification\",\"valueRequired\":true,\"valueName\":\"search_term_string\"}}],\"inLanguage\":\"es\"},{\"@type\":\"Organization\",\"@id\":\"https:\\\/\\\/boutiquefloralec.com\\\/#organization\",\"name\":\"Boutique Floral\",\"url\":\"https:\\\/\\\/boutiquefloralec.com\\\/\",\"logo\":{\"@type\":\"ImageObject\",\"inLanguage\":\"es\",\"@id\":\"https:\\\/\\\/boutiquefloralec.com\\\/#\\\/schema\\\/logo\\\/image\\\/\",\"url\":\"http:\\\/\\\/boutiquefloralec.com\\\/wp-content\\\/uploads\\\/2024\\\/10\\\/1.png\",\"contentUrl\":\"http:\\\/\\\/boutiquefloralec.com\\\/wp-content\\\/uploads\\\/2024\\\/10\\\/1.png\",\"width\":2500,\"height\":1800,\"caption\":\"Boutique Floral\"},\"image\":{\"@id\":\"https:\\\/\\\/boutiquefloralec.com\\\/#\\\/schema\\\/logo\\\/image\\\/\"},\"sameAs\":[\"https:\\\/\\\/www.facebook.com\\\/boutiquefloralec\\\/\",\"https:\\\/\\\/www.instagram.com\\\/boutiquefloral.ecu\"]}]}<\/script>\n<!-- \/ Yoast SEO plugin. -->","yoast_head_json":{"title":"NOSOTROS - Boutique Floral","robots":{"index":"index","follow":"follow","max-snippet":"max-snippet:-1","max-image-preview":"max-image-preview:large","max-video-preview":"max-video-preview:-1"},"canonical":"https:\/\/boutiquefloralec.com\/index.php\/nosotros\/","og_locale":"es_ES","og_type":"article","og_title":"NOSOTROS - Boutique Floral","og_description":"En nuestro sitio web encontraras dos secciones la primera dedicada a los bouquets florales, puedes entrar y explorar los dise\u00f1os preservados en cada producto esta la descripci\u00f3n y m\u00e9todo de compra . La segunda secci\u00f3n esta dedicada a los complementos con los que puedes acompa\u00f1ar tu arreglo floral o simplemente adquirirlos por separado . Encuentras [&hellip;]","og_url":"https:\/\/boutiquefloralec.com\/index.php\/nosotros\/","og_site_name":"Boutique Floral","article_publisher":"https:\/\/www.facebook.com\/boutiquefloralec\/","article_modified_time":"2025-09-11T02:42:10+00:00","og_image":[{"width":1024,"height":737,"url":"https:\/\/boutiquefloralec.com\/wp-content\/uploads\/2025\/08\/Portada-complementos-1024x737.png","type":"image\/png"}],"twitter_card":"summary_large_image","twitter_misc":{"Tiempo de lectura":"1 minuto"},"schema":{"@context":"https:\/\/schema.org","@graph":[{"@type":"WebPage","@id":"https:\/\/boutiquefloralec.com\/index.php\/nosotros\/","url":"https:\/\/boutiquefloralec.com\/index.php\/nosotros\/","name":"NOSOTROS - Boutique Floral","isPartOf":{"@id":"https:\/\/boutiquefloralec.com\/#website"},"primaryImageOfPage":{"@id":"https:\/\/boutiquefloralec.com\/index.php\/nosotros\/#primaryimage"},"image":{"@id":"https:\/\/boutiquefloralec.com\/index.php\/nosotros\/#primaryimage"},"thumbnailUrl":"http:\/\/boutiquefloralec.com\/wp-content\/uploads\/2025\/08\/Portada-complementos.png","datePublished":"2024-10-11T04:31:48+00:00","dateModified":"2025-09-11T02:42:10+00:00","breadcrumb":{"@id":"https:\/\/boutiquefloralec.com\/index.php\/nosotros\/#breadcrumb"},"inLanguage":"es","potentialAction":[{"@type":"ReadAction","target":["https:\/\/boutiquefloralec.com\/index.php\/nosotros\/"]}]},{"@type":"ImageObject","inLanguage":"es","@id":"https:\/\/boutiquefloralec.com\/index.php\/nosotros\/#primaryimage","url":"https:\/\/boutiquefloralec.com\/wp-content\/uploads\/2025\/08\/Portada-complementos.png","contentUrl":"https:\/\/boutiquefloralec.com\/wp-content\/uploads\/2025\/08\/Portada-complementos.png","width":2500,"height":1800},{"@type":"BreadcrumbList","@id":"https:\/\/boutiquefloralec.com\/index.php\/nosotros\/#breadcrumb","itemListElement":[{"@type":"ListItem","position":1,"name":"Portada","item":"https:\/\/boutiquefloralec.com\/"},{"@type":"ListItem","position":2,"name":"NOSOTROS"}]},{"@type":"WebSite","@id":"https:\/\/boutiquefloralec.com\/#website","url":"https:\/\/boutiquefloralec.com\/","name":"Boutique Floral","description":"Tienda de Regalos y Joyeria","publisher":{"@id":"https:\/\/boutiquefloralec.com\/#organization"},"potentialAction":[{"@type":"SearchAction","target":{"@type":"EntryPoint","urlTemplate":"https:\/\/boutiquefloralec.com\/?s={search_term_string}"},"query-input":{"@type":"PropertyValueSpecification","valueRequired":true,"valueName":"search_term_string"}}],"inLanguage":"es"},{"@type":"Organization","@id":"https:\/\/boutiquefloralec.com\/#organization","name":"Boutique Floral","url":"https:\/\/boutiquefloralec.com\/","logo":{"@type":"ImageObject","inLanguage":"es","@id":"https:\/\/boutiquefloralec.com\/#\/schema\/logo\/image\/","url":"http:\/\/boutiquefloralec.com\/wp-content\/uploads\/2024\/10\/1.png","contentUrl":"http:\/\/boutiquefloralec.com\/wp-content\/uploads\/2024\/10\/1.png","width":2500,"height":1800,"caption":"Boutique Floral"},"image":{"@id":"https:\/\/boutiquefloralec.com\/#\/schema\/logo\/image\/"},"sameAs":["https:\/\/www.facebook.com\/boutiquefloralec\/","https:\/\/www.instagram.com\/boutiquefloral.ecu"]}]}},"jetpack_sharing_enabled":true,"_links":{"self":[{"href":"https:\/\/boutiquefloralec.com\/index.php\/wp-json\/wp\/v2\/pages\/1260","targetHints":{"allow":["GET"]}}],"collection":[{"href":"https:\/\/boutiquefloralec.com\/index.php\/wp-json\/wp\/v2\/pages"}],"about":[{"href":"https:\/\/boutiquefloralec.com\/index.php\/wp-json\/wp\/v2\/types\/page"}],"author":[{"embeddable":true,"href":"https:\/\/boutiquefloralec.com\/index.php\/wp-json\/wp\/v2\/users\/1"}],"replies":[{"embeddable":true,"href":"https:\/\/boutiquefloralec.com\/index.php\/wp-json\/wp\/v2\/comments?post=1260"}],"version-history":[{"count":6,"href":"https:\/\/boutiquefloralec.com\/index.php\/wp-json\/wp\/v2\/pages\/1260\/revisions"}],"predecessor-version":[{"id":1557,"href":"https:\/\/boutiquefloralec.com\/index.php\/wp-json\/wp\/v2\/pages\/1260\/revisions\/1557"}],"wp:attachment":[{"href":"https:\/\/boutiquefloralec.com\/index.php\/wp-json\/wp\/v2\/media?parent=1260"}],"curies":[{"name":"wp","href":"https:\/\/api.w.org\/{rel}","templated":true}]}}